{"id":10061,"date":"2022-06-30T11:56:43","date_gmt":"2022-06-30T11:56:43","guid":{"rendered":"https:\/\/wp.themedemo.org\/WP01\/WP022\/?page_id=10061"},"modified":"2023-06-06T12:13:01","modified_gmt":"2023-06-06T12:13:01","slug":"proizvodi","status":"publish","type":"page","link":"https:\/\/rolomont-prozori.hr\/?page_id=10061","title":{"rendered":"Proizvodi"},"content":{"rendered":"\t\t<div data-elementor-type=\"wp-page\" data-elementor-id=\"10061\" class=\"elementor elementor-10061\">\n\t\t\t\t\t\t<div class=\"elementor-section elementor-top-section elementor-element elementor-element-3539d724 elementor-section-boxed elementor-section-height-default elementor-section-height-default\" data-id=\"3539d724\" data-element_type=\"section\" data-e-type=\"section\" data-settings=\"{&quot;background_background&quot;:&quot;classic&quot;}\">\n\t\t\t\t\t\t<div class=\"elementor-container elementor-column-gap-default\">\n\t\t\t\t\t<div class=\"elementor-column elementor-col-100 elementor-top-column elementor-element elementor-element-6894dec0\" data-id=\"6894dec0\" data-element_type=\"column\" data-e-type=\"column\">\n\t\t\t<div class=\"elementor-widget-wrap elementor-element-populated\">\n\t\t\t\t\t\t<div class=\"elementor-element elementor-element-355b1ac2 elementor-widget elementor-widget-spacer\" data-id=\"355b1ac2\" data-element_type=\"widget\" data-e-type=\"widget\" data-widget_type=\"spacer.default\">\n\t\t\t\t<div class=\"elementor-widget-container\">\n\t\t\t\t\t\t\t<div class=\"elementor-spacer\">\n\t\t\t<div class=\"elementor-spacer-inner\"><\/div>\n\t\t<\/div>\n\t\t\t\t\t\t<\/div>\n\t\t\t\t<\/div>\n\t\t\t\t<section class=\"elementor-section elementor-inner-section elementor-element elementor-element-c0a2f27 elementor-section-boxed elementor-section-height-default elementor-section-height-default\" data-id=\"c0a2f27\" data-element_type=\"section\" data-e-type=\"section\">\n\t\t\t\t\t\t<div class=\"elementor-container elementor-column-gap-default\">\n\t\t\t\t\t<div class=\"elementor-column elementor-col-100 elementor-inner-column elementor-element elementor-element-c008074\" data-id=\"c008074\" data-element_type=\"column\" data-e-type=\"column\">\n\t\t\t<div class=\"elementor-widget-wrap elementor-element-populated\">\n\t\t\t\t\t\t<div class=\"elementor-element elementor-element-5cd837d elementor-widget elementor-widget-heading\" data-id=\"5cd837d\" data-element_type=\"widget\" data-e-type=\"widget\" data-widget_type=\"heading.default\">\n\t\t\t\t<div class=\"elementor-widget-container\">\n\t\t\t\t\t<h2 class=\"elementor-heading-title elementor-size-default\">PVC STOLARIJA<br> <\/h2>\t\t\t\t<\/div>\n\t\t\t\t<\/div>\n\t\t\t\t<div class=\"elementor-element elementor-element-1c298b8 elementor-widget elementor-widget-image\" data-id=\"1c298b8\" data-element_type=\"widget\" data-e-type=\"widget\" data-widget_type=\"image.default\">\n\t\t\t\t<div class=\"elementor-widget-container\">\n\t\t\t\t\t\t\t\t\t\t\t\t\t\t\t<img decoding=\"async\" width=\"204\" height=\"210\" src=\"https:\/\/rolomont-prozori.hr\/wp-content\/uploads\/2023\/06\/d6a3401a-db29-40f8-b594-ca18b6a86b35.png\" class=\"attachment-medium size-medium wp-image-13024\" alt=\"\" \/>\t\t\t\t\t\t\t\t\t\t\t\t\t\t\t<\/div>\n\t\t\t\t<\/div>\n\t\t\t\t<div class=\"elementor-element elementor-element-d9efc2c elementor-widget__width-initial elementor-widget elementor-widget-text-editor\" data-id=\"d9efc2c\" data-element_type=\"widget\" data-e-type=\"widget\" data-widget_type=\"text-editor.default\">\n\t\t\t\t<div class=\"elementor-widget-container\">\n\t\t\t\t\t\t\t\t\t<div class=\"flex-1 overflow-hidden\"><div class=\"react-scroll-to-bottom--css-wserw-79elbk h-full dark:bg-gray-800\"><div class=\"react-scroll-to-bottom--css-wserw-1n7m0yu\"><div class=\"flex flex-col text-sm dark:bg-gray-800\"><div class=\"group w-full text-gray-800 dark:text-gray-100 border-b border-black\/10 dark:border-gray-900\/50 bg-gray-50 dark:bg-[#444654]\"><div class=\"flex p-4 gap-4 text-base md:gap-6 md:max-w-2xl lg:max-w-xl xl:max-w-3xl md:py-6 lg:px-0 m-auto\"><div class=\"relative flex w-[calc(100%-50px)] flex-col gap-1 md:gap-3 lg:w-[calc(100%-115px)]\"><div class=\"flex flex-grow flex-col gap-3\"><div class=\"min-h-[20px] flex flex-col items-start gap-4 whitespace-pre-wrap break-words\"><div class=\"markdown prose w-full break-words dark:prose-invert light\"><div class=\"flex-1 overflow-hidden\"><div class=\"react-scroll-to-bottom--css-vgcme-79elbk h-full dark:bg-gray-800\"><div class=\"react-scroll-to-bottom--css-vgcme-1n7m0yu\"><div class=\"flex flex-col text-sm dark:bg-gray-800\"><div class=\"group w-full text-gray-800 dark:text-gray-100 border-b border-black\/10 dark:border-gray-900\/50 bg-gray-50 dark:bg-[#444654]\"><div class=\"flex p-4 gap-4 text-base md:gap-6 md:max-w-2xl lg:max-w-xl xl:max-w-3xl md:py-6 lg:px-0 m-auto\"><div class=\"relative flex w-[calc(100%-50px)] flex-col gap-1 md:gap-3 lg:w-[calc(100%-115px)]\"><div class=\"flex flex-grow flex-col gap-3\"><div class=\"min-h-[20px] flex flex-col items-start gap-4 whitespace-pre-wrap break-words\"><div class=\"markdown prose w-full break-words dark:prose-invert light\"><p><strong>ROLOMONT &#8211; PVC prozori i vrata \u2013 PROFIL:<\/strong><\/p><ul><li>Da bi se napravili kvalitetni i dobri PVC prozori kao i ostala PVC stolarija, potrebni su nam<br \/>PVC profili.<\/li><li>Svi PVC profili se izra\u0111uju od polivinil klorida, \u0161to je vrsta plastike. Proizvo\u0111a\u010di profila pri njihovoj izradi dodaju aditive kako bi dodatno pobolj\u0161ali njihova svojstva; bjelinu, glatko\u0107u povr\u0161ine, bolju otpornost na UV zrake, elasti\u010dnost, udarnu \u010dvrsto\u0107u&#8230;<\/li><li>PVC profili se razlikuju po broju komora, broju brtvi, dubini ugradnje te debljini vanjske stijenke profila.<\/li><li>Ve\u0107i broj komora sa ve\u0107om ugradbenom dubinom ima bolja izolacijska svojstva od sustava sa manjim brojem komora i manjom dubinom ugradnje profila.<\/li><li>U praksi to zna\u010di da se PVC prozori \u010diji profili imaju tri komore vi\u0161e gotovo uop\u0107e ne ugra\u0111uju.<\/li><li>Neki standard od kojeg se<br \/>kre\u0107e su prozori \u010diji profili imaju pet komora i ugradbenu dubinu od minimalno 70mm.<\/li><li>Rolomont u osnovnom modelu nudi GEALAN profil S-8000, 6-komorni sustav vanjskog<br \/>brtvljenja sa standardno sivom brtvom uz bijeli profil.<\/li><\/ul><p><strong>Statika:<\/strong> <strong>Planiranje i oblikovanje<\/strong><\/p><ul><li>Prilikom razvijanja sustava S 8000 vodilo se ra\u010duna o stabilnosti profila.<\/li><li>Sukladno tome dimenzija<br \/>glavne komore je dovoljno velika za stabilno \u010deli\u010dno oja\u010danje.<\/li><li>Rezultat toga je izrazito \u010dvrsto<br \/>\u010deli\u010dno oja\u010danje koje daje stabilnost profilu.<\/li><li>Tako je omogu\u0107ena izrade velikih elemenata te<br \/>proizvo\u0111a\u010di prozora mogu odgovoriti svakom zahtjevu krajnjeg korisnika.<\/li><li>Maksimalna visina prozorskog elementa ovisi o \u0161irini i ukupnoj povr\u0161ini prozora.<\/li><li>Kod prozora velike povr\u0161ine djeluju visoki momenti sile na prozorske elemente.<\/li><li>Stabilna \u010deli\u010dna oja\u010danja osiguravaju \u010dvrsto\u0107u i omogu\u0107uju izradu velikih prozora.\u017e<\/li><li>Fleksibilni vi\u0161ekomorni profili \u2013 6 komora.<\/li><\/ul><\/div><\/div><\/div><\/div><\/div><\/div><div class=\"group w-full text-gray-800 dark:text-gray-100 border-b border-black\/10 dark:border-gray-900\/50 dark:bg-gray-800\"><div class=\"flex p-4 gap-4 text-base md:gap-6 md:max-w-2xl lg:max-w-xl xl:max-w-3xl md:py-6 lg:px-0 m-auto\"><div class=\"relative flex w-[calc(100%-50px)] flex-col gap-1 md:gap-3 lg:w-[calc(100%-115px)]\"><div>\u00a0<\/div><div class=\"text-gray-400 flex self-end lg:self-center justify-center mt-2 gap-2 md:gap-3 lg:gap-1 lg:absolute lg:top-0 lg:translate-x-full lg:right-0 lg:mt-0 lg:pl-2 visible\"><strong>PVC stolarija &#8211; Pravi izbor za udobnost i stil!<\/strong><\/div><\/div><\/div><\/div><\/div><\/div><\/div><\/div><div class=\"absolute bottom-0 left-0 w-full border-t md:border-t-0 dark:border-white\/20 md:border-transparent md:dark:border-transparent md:bg-vert-light-gradient bg-white dark:bg-gray-800 md:!bg-transparent dark:md:bg-vert-dark-gradient pt-2\"><form class=\"stretch mx-2 flex flex-row gap-3 last:mb-2 md:mx-4 md:last:mb-6 lg:mx-auto lg:max-w-2xl xl:max-w-3xl\"><div class=\"relative flex h-full flex-1 items-stretch md:flex-col\">\u00a0<\/div><\/form><\/div><\/div><\/div><\/div><\/div><\/div><\/div><\/div><\/div><\/div><\/div>\t\t\t\t\t\t\t\t<\/div>\n\t\t\t\t<\/div>\n\t\t\t\t\t<\/div>\n\t\t<\/div>\n\t\t\t\t\t<\/div>\n\t\t<\/section>\n\t\t\t\t<div class=\"elementor-element elementor-element-11bd1c11 elementor-widget-divider--view-line elementor-widget elementor-widget-divider\" data-id=\"11bd1c11\" data-element_type=\"widget\" data-e-type=\"widget\" data-widget_type=\"divider.default\">\n\t\t\t\t<div class=\"elementor-widget-container\">\n\t\t\t\t\t\t\t<div class=\"elementor-divider\">\n\t\t\t<span class=\"elementor-divider-separator\">\n\t\t\t\t\t\t<\/span>\n\t\t<\/div>\n\t\t\t\t\t\t<\/div>\n\t\t\t\t<\/div>\n\t\t\t\t<section class=\"elementor-section elementor-inner-section elementor-element elementor-element-15bcce4 elementor-section-boxed elementor-section-height-default elementor-section-height-default\" data-id=\"15bcce4\" data-element_type=\"section\" data-e-type=\"section\">\n\t\t\t\t\t\t<div class=\"elementor-container elementor-column-gap-default\">\n\t\t\t\t\t<div class=\"elementor-column elementor-col-100 elementor-inner-column elementor-element elementor-element-5570b99\" data-id=\"5570b99\" data-element_type=\"column\" data-e-type=\"column\">\n\t\t\t<div class=\"elementor-widget-wrap elementor-element-populated\">\n\t\t\t\t\t\t<div class=\"elementor-element elementor-element-ae2d364 elementor-widget elementor-widget-heading\" data-id=\"ae2d364\" data-element_type=\"widget\" data-e-type=\"widget\" data-widget_type=\"heading.default\">\n\t\t\t\t<div class=\"elementor-widget-container\">\n\t\t\t\t\t<h2 class=\"elementor-heading-title elementor-size-default\">GEALAN S 8000<\/h2>\t\t\t\t<\/div>\n\t\t\t\t<\/div>\n\t\t\t\t<div class=\"elementor-element elementor-element-329a61e elementor-widget__width-initial elementor-widget elementor-widget-text-editor\" data-id=\"329a61e\" data-element_type=\"widget\" data-e-type=\"widget\" data-widget_type=\"text-editor.default\">\n\t\t\t\t<div class=\"elementor-widget-container\">\n\t\t\t\t\t\t\t\t\t<ul><li>\u00a0<\/li><\/ul><p><strong>&#8211; ROLOMONT nudi standardno sivu brtvu uz bijeli profil<\/strong><\/p><ul><li>Sustav profila S 8000 za savr\u0161en ugo\u0111aj stanovanja utjelovljuje dosljednu tr\u017ei\u0161nu orijentaciju<br \/>GEALAN-a.<\/li><li>Prilikom razvijanja sustava sa 74 mm ugradbene dubine u centru pozornosti bila je<br \/>ekonomi\u010dnost i optimizacija materijala \u2013 za jednostavnu i ekonomi\u010dnu proizvodnju gotovih<br \/>elemenata.<\/li><li>Prednosti sustava S 8000<br \/>Zvu\u010dna izolacija \u2013 74 mm ugradbene dubine za odli\u010dnu toplinsku i zvu\u010dnu izolaciju<\/li><li>Optimizirana geometrija profila koja \u0161tedi resurse i \u010duva okoli\u0161<\/li><li>Velika glavna komora za velika \u010deli\u010dna oja\u010danja<br \/>Jednako oja\u010danje za krilo, okvir i pre\u010dku<\/li><li>Pobolj\u0161ana klima prostorije i ugo\u0111aj stanovanja uz patentirani sustav prozra\u010divanja<br \/>GECCO \u2013 za optimalnu izmjenu zraka<\/li><li>Dostupan u mnogobrojnim GEALAN-acrylcolor\u00ae Realwood bojama i dekorima<\/li><\/ul><p><b>ROLOMONT <\/b><span style=\"font-weight: 400;\">&#8211; <\/span><b>PVC prozori i vrata\u00a0<\/b><b>&#8211; <\/b><b>OKOV\u00a0<\/b><\/p><p><b>Okovi <\/b><b>&#8211; <\/b><span style=\"font-weight: 400;\">\u010deli\u010dni <\/span><b>mehanizam za <\/b><span style=\"font-weight: 400;\">otvaranje<\/span><span style=\"font-weight: 400;\">, <\/span><span style=\"font-weight: 400;\">zatvaranje i <\/span><b>provjetravanje prozora. Sastav uklju\u010duje <\/b><span style=\"font-weight: 400;\">od <\/span><b>5 do 15 dijelova <\/b><span style=\"font-weight: 400;\">me\u0111usobno <\/span><b>povezani<\/b><span style=\"font-weight: 400;\">.\u00a0<\/span><\/p><p><b>Rolomont u osnovnom modelu nudi <\/b><span style=\"font-weight: 400;\">ROTO NT <\/span><b>sustav okova sa standardno <\/b><b>uklju\u010denom dodatnom opcijom provjetravanja <\/b><span style=\"font-weight: 400;\">na <\/span><b>glavnom krilu<\/b><span style=\"font-weight: 400;\">.\u00a0<\/span><\/p><ul><li>Vi\u0161a cijena u odnosu na <span style=\"font-weight: 400;\">kineske i <\/span>turske marke. U nestabilnoj ekonomskoj situaciji ovo je <span style=\"font-weight: 400;\">va\u017ean <\/span>\u010dimbenik. Samo tvrtke koje <span style=\"font-weight: 400;\">ula\u017eu <\/span>u njihov razvoj mogu ponuditi proizvode <span style=\"font-weight: 400;\">koji su konkurentni u <\/span>pogledu <span style=\"font-weight: 400;\">funkcionalnosti <\/span><span style=\"font-weight: 400;\">i <\/span>kvalitete<span style=\"font-weight: 400;\">. <\/span>A to se odra\u017eava na <span style=\"font-weight: 400;\">cijeni<\/span><span style=\"font-weight: 400;\">.\u00a0<\/span><\/li><li style=\"list-style-type: none;\"><ul><li><p>Hardverski model Roto NT (New <span style=\"font-weight: 400;\">Technology<\/span>) proizvodi njema\u010dki koncern Roto Frank od 1999. godine. Nove tehnologije ugra\u0111ene u okove 5. generacije toliko su funkcionalne i <span style=\"font-weight: 400;\">prakti\u010dne <\/span>da je Roto NT ve\u0107 20 godina lider u prodaji <span style=\"font-weight: 400;\">u <\/span>Evropi i svijetu<span style=\"font-weight: 400;\">. <\/span>Za to je vrijeme <span style=\"font-weight: 400;\">u <\/span>svijetu prodano <span style=\"font-weight: 400;\">vi\u0161e <\/span>od <span style=\"font-weight: 400;\">100 <\/span><span style=\"font-weight: 400;\">milijuna <\/span>kompleta<span style=\"font-weight: 400;\">.\u00a0<\/span><\/p><p><b>Prednosti i nedostaci ROTO <\/b><span style=\"font-weight: 400;\">NT <\/span><b>hardverskog modela okova<\/b><span style=\"font-weight: 400;\">:\u00a0<\/span><\/p><p><b>Prednosti\u00a0<\/b><\/p><p>Pouzdanost i trajnost<span style=\"font-weight: 400;\">, <\/span>potvr\u0111ena stvarnim <span style=\"font-weight: 400;\">\u017eivotom <\/span>prozora<span style=\"font-weight: 400;\">. <\/span>Proizvo\u0111a\u010d jam\u010di najmanje 10 godina rada bez problema<span style=\"font-weight: 400;\">. Taj <\/span>je rok ve\u0107 prekora\u010den vi\u0161e od dva puta<span style=\"font-weight: 400;\">.\u00a0<\/span><\/p><p>Funkcionalnost &#8211; \u0161irok raspon mogu\u0107nosti<span style=\"font-weight: 400;\">, a <\/span>s njima i pove\u0107ana udobnost \u017eivljenja<span style=\"font-weight: 400;\">. <\/span>Svaki prozor mo\u017ee postati jedinstven za svog vlasnika<span style=\"font-weight: 400;\">. <\/span>A ako postoji potreba <span style=\"font-weight: 400;\">za nadogradnjom <\/span>prozora<span style=\"font-weight: 400;\">, <\/span>mo\u017eete jednostavno dodati <span style=\"font-weight: 400;\">mogu\u0107nost <\/span>provjetravanja<span style=\"font-weight: 400;\">, ograni\u010diti <\/span>otvaranje, pobolj\u0161ati protuprovalnu <span style=\"font-weight: 400;\">za\u0161titu i <\/span>postaviti automatsko otvaranje. I sve to <span style=\"font-weight: 400;\">&#8211; <\/span>bez promjene kompleta dodatne opreme u cjelini. <span style=\"font-weight: 400;\">Roto <\/span>NT pogodan je za <span style=\"font-weight: 400;\">bilo <\/span>koji posjed<span style=\"font-weight: 400;\">, <\/span>od novogradnje do vrhunskog stanovanja<span style=\"font-weight: 400;\">.\u00a0<\/span><\/p><p>Vrhunski izgled s RotoSil Nano srebrnom zavr\u0161nom <span style=\"font-weight: 400;\">obradom<\/span>. Osim pobolj\u0161ane za\u0161tite od korozije, premaz ima nevjerojatnu sposobnost samoiscjeljivanja za manja <span style=\"font-weight: 400;\">o\u0161te\u0107enja. <\/span>Roto <span style=\"font-weight: 400;\">NT uspje\u0161no se <\/span>koristi u regijama s o\u0161trom <span style=\"font-weight: 400;\">klimom<\/span><span style=\"font-weight: 400;\">, <\/span>velikim <span style=\"font-weight: 400;\">razlikama <\/span>u prosje\u010dnim dnevnim temperaturama<span style=\"font-weight: 400;\">, <\/span>kao i na moru<span style=\"font-weight: 400;\">.\u00a0<\/span><\/p><p><b>Nedostaci\u00a0<\/b><\/p><p>Te\u0161ko je prona\u0107i nedostatke u dizajnu <span style=\"font-weight: 400;\">koji <\/span>su razumljivi obi\u010dnom potro\u0161a\u010du u Roto NT-u, ali jo\u0161 uvijek postoje<span style=\"font-weight: 400;\">. <\/span>standardne donje \u0161arke koje <span style=\"font-weight: 400;\">koristi <\/span>ve\u0107ina proizvo\u0111a\u010da imaju igle premale za postavljanje \u0161arki na okvir i krilo. <span style=\"font-weight: 400;\">Ali <\/span>to nije minus dizajna<span style=\"font-weight: 400;\">, <\/span>ve\u0107 proizvodnog tehnologa<span style=\"font-weight: 400;\">, koji <\/span>dopu\u0161ta postavljanje tih \u0161arki na neprikladne prozore<span style=\"font-weight: 400;\">. <\/span>Maksimalne dimenzije krila s okovima <span style=\"font-weight: 400;\">Roto <\/span><span style=\"font-weight: 400;\">NT<\/span><span style=\"font-weight: 400;\">: <\/span>visina krila do 2400 <span style=\"font-weight: 400;\">mm<\/span>, \u0161irina do 1600 mm, te\u017eina do 130 <span style=\"font-weight: 400;\">kg. <\/span>Ova ograni\u010denja ne ispunjavaju u potpunosti zahtjeve modernih panoramskih prozora<span style=\"font-weight: 400;\">.<\/span><\/p><p><b>ROLOMONT <\/b><span style=\"font-weight: 400;\">&#8211; <\/span><b>PVC prozori i vrata\u00a0<\/b><b>&#8211; <\/b><b>STAKLO\u00a0<\/b><\/p><p><span style=\"font-weight: 400;\">Odabir <\/span><b>vrste <\/b><span style=\"font-weight: 400;\">stakla ne utje\u010de samo na <\/span><b>estetski izgled <\/b><span style=\"font-weight: 400;\">PVC <\/span><span style=\"font-weight: 400;\">prozora <\/span><span style=\"font-weight: 400;\">nego i uvelike utje\u010de na <\/span><b>njegove <\/b><span style=\"font-weight: 400;\">tehni\u010dke karakteristike u pogledu toplinske <\/span><b>i <\/b><span style=\"font-weight: 400;\">zvu\u010dne izolacije, <\/span><span style=\"font-weight: 400;\">po\u0161to najve\u0107u povr\u0161inu pvc prozora zauzima upravo staklo.\u00a0<\/span><\/p><p><span style=\"font-weight: 400;\">Danas se prilikom proizvodnje PVC stolarije koristi IZO <\/span><b>staklo<\/b><span style=\"font-weight: 400;\">.\u00a0<\/span><\/p><p><b>Rolomont standardno nudi\u00a0<\/b><\/p><p><span style=\"font-weight: 400;\">IZO staklo, tijelo sastavljeno od dvije staklene plohe, koje su me\u0111usobno <\/span><span style=\"font-weight: 400;\">odijeljene <\/span><b>sa <\/b><span style=\"font-weight: 400;\">jednim hermeti\u010dki zatvorenim me\u0111uprostorom. Me\u0111uprostor izme\u0111u staklenih ploha je ispunjen inertnim plinom argonom ukupne debljine <\/span><span style=\"font-weight: 400;\">24mm Ug<\/span><span style=\"font-weight: 400;\">=1,1 <\/span><span style=\"font-weight: 400;\">W\/m2K 4 <\/span><span style=\"font-weight: 400;\">&#8211; <\/span><span style=\"font-weight: 400;\">16arg <\/span><span style=\"font-weight: 400;\">&#8211; <\/span><span style=\"font-weight: 400;\">4LOW<\/span><span style=\"font-weight: 400;\">&#8211;<\/span><b>E <\/b><span style=\"font-weight: 400;\">gdje brojevi predstavljalju: debljina <\/span><span style=\"font-weight: 400;\">prve plo\u010de stakla [mm] <\/span><span style=\"font-weight: 400;\">&#8211; <\/span><span style=\"font-weight: 400;\">debljina me\u0111uprostora ispunjena inertnim plinom <\/span><span style=\"font-weight: 400;\">[mm] <\/span><b>&#8211; <\/b><span style=\"font-weight: 400;\">debljina druge plo\u010de stakla [mm]<\/span><span style=\"font-weight: 400;\">.\u00a0<\/span><\/p><p><b>Dvoslojno IZO staklo 24mm <\/b><span style=\"font-weight: 400;\">&#8211; <\/span><b>standardna ponuda\u00a0<\/b><\/p><p><span style=\"font-weight: 400;\">4 float <\/span><span style=\"font-weight: 400;\">&#8211; <\/span><span style=\"font-weight: 400;\">16 <\/span><span style=\"font-weight: 400;\">argon <\/span><span style=\"font-weight: 400;\">&#8211; <\/span><span style=\"font-weight: 400;\">4 <\/span><span style=\"font-weight: 400;\">LOW<\/span><span style=\"font-weight: 400;\">&#8211;<\/span><span style=\"font-weight: 400;\">e\u00a0<\/span><\/p><p><b>Rw= 31 <\/b><span style=\"font-weight: 400;\">dB\u00a0<\/span><\/p><p><span style=\"font-weight: 400;\">Ug <\/span><b>= 1,1 W\/m2K <img decoding=\"async\" class=\"alignnone size-full wp-image-13038\" src=\"https:\/\/rolomont-prozori.hr\/wp-content\/uploads\/2023\/06\/slika-profila.png\" alt=\"\" width=\"195\" height=\"227\" \/><\/b><\/p><\/li><li><p>\u00a0<\/p><p><span style=\"font-weight: 400;\">Porastom svijesti o energetskoj odr\u017eivosti danas <\/span><b>se <\/b><span style=\"font-weight: 400;\">sve vi\u0161e koriste troslojna <\/span><span style=\"font-weight: 400;\">stakla niske toplinske provodljivosti <\/span><b>s Ug<\/b><span style=\"font-weight: 400;\">=<\/span><span style=\"font-weight: 400;\">0,6 <\/span><span style=\"font-weight: 400;\">W\/m2K <\/span><b>\u0161to se tako\u0111er nalazi <\/b><span style=\"font-weight: 400;\">u <\/span><b>Rolomont ponudi\u00a0<\/b><\/p><p><b>Troslojno staklo 44mm\u00a0<\/b><\/p><p><span style=\"font-weight: 400;\">4 <\/span><span style=\"font-weight: 400;\">LOW<\/span><span style=\"font-weight: 400;\">&#8211;<\/span><b>e <\/b><b>&#8211; <\/b><span style=\"font-weight: 400;\">16 <\/span><span style=\"font-weight: 400;\">argon <\/span><span style=\"font-weight: 400;\">&#8211; <\/span><span style=\"font-weight: 400;\">4 <\/span><span style=\"font-weight: 400;\">&#8211; <\/span><span style=\"font-weight: 400;\">16 <\/span><span style=\"font-weight: 400;\">argon <\/span><span style=\"font-weight: 400;\">&#8211; <\/span><span style=\"font-weight: 400;\">4 <\/span><span style=\"font-weight: 400;\">LOW<\/span><span style=\"font-weight: 400;\">&#8211;<\/span><span style=\"font-weight: 400;\">e\u00a0<\/span><\/p><p><b>Rw = <\/b><span style=\"font-weight: 400;\">33 dB\u00a0<\/span><\/p><p><span style=\"font-weight: 400;\">Ug <\/span><b>= 0,6 W\/m2K <img fetchpriority=\"high\" decoding=\"async\" class=\"alignnone size-medium wp-image-13039\" src=\"https:\/\/rolomont-prozori.hr\/wp-content\/uploads\/2023\/06\/cikeinbkdnhcjfip-300x180.png\" alt=\"\" width=\"300\" height=\"180\" srcset=\"https:\/\/rolomont-prozori.hr\/wp-content\/uploads\/2023\/06\/cikeinbkdnhcjfip-300x180.png 300w, https:\/\/rolomont-prozori.hr\/wp-content\/uploads\/2023\/06\/cikeinbkdnhcjfip.png 340w\" sizes=\"(max-width: 300px) 100vw, 300px\" \/><\/b><\/p><\/li><\/ul><\/li><\/ul>\t\t\t\t\t\t\t\t<\/div>\n\t\t\t\t<\/div>\n\t\t\t\t\t<\/div>\n\t\t<\/div>\n\t\t\t\t\t<\/div>\n\t\t<\/section>\n\t\t\t\t<div class=\"elementor-element elementor-element-b97b0d3 elementor-align-start elementor-widget__width-initial elementor-icon-list--layout-inline elementor-list-item-link-full_width elementor-widget elementor-widget-icon-list\" data-id=\"b97b0d3\" data-element_type=\"widget\" data-e-type=\"widget\" data-widget_type=\"icon-list.default\">\n\t\t\t\t<div class=\"elementor-widget-container\">\n\t\t\t\t\t\t\t<ul class=\"elementor-icon-list-items elementor-inline-items\">\n\t\t\t\t\t\t\t<li class=\"elementor-icon-list-item elementor-inline-item\">\n\t\t\t\t\t\t\t\t\t\t\t<span class=\"elementor-icon-list-icon\">\n\t\t\t\t\t\t\t<i aria-hidden=\"true\" class=\"fas fa-check-circle\"><\/i>\t\t\t\t\t\t<\/span>\n\t\t\t\t\t\t\t\t\t\t<span class=\"elementor-icon-list-text\">Energetska efikasnost<\/span>\n\t\t\t\t\t\t\t\t\t<\/li>\n\t\t\t\t\t\t\t\t<li class=\"elementor-icon-list-item elementor-inline-item\">\n\t\t\t\t\t\t\t\t\t\t\t<span class=\"elementor-icon-list-icon\">\n\t\t\t\t\t\t\t<i aria-hidden=\"true\" class=\"fas fa-check-circle\"><\/i>\t\t\t\t\t\t<\/span>\n\t\t\t\t\t\t\t\t\t\t<span class=\"elementor-icon-list-text\">Dizajn i trajnost<\/span>\n\t\t\t\t\t\t\t\t\t<\/li>\n\t\t\t\t\t\t\t\t<li class=\"elementor-icon-list-item elementor-inline-item\">\n\t\t\t\t\t\t\t\t\t\t\t<span class=\"elementor-icon-list-icon\">\n\t\t\t\t\t\t\t<i aria-hidden=\"true\" class=\"fas fa-check-circle\"><\/i>\t\t\t\t\t\t<\/span>\n\t\t\t\t\t\t\t\t\t\t<span class=\"elementor-icon-list-text\">Za\u0161tita od buke<\/span>\n\t\t\t\t\t\t\t\t\t<\/li>\n\t\t\t\t\t\t\t\t<li class=\"elementor-icon-list-item elementor-inline-item\">\n\t\t\t\t\t\t\t\t\t\t\t<span class=\"elementor-icon-list-icon\">\n\t\t\t\t\t\t\t<i aria-hidden=\"true\" class=\"fas fa-check-circle\"><\/i>\t\t\t\t\t\t<\/span>\n\t\t\t\t\t\t\t\t\t\t<span class=\"elementor-icon-list-text\">\u010cvrsto\u0107a i pouzdanost<\/span>\n\t\t\t\t\t\t\t\t\t<\/li>\n\t\t\t\t\t\t<\/ul>\n\t\t\t\t\t\t<\/div>\n\t\t\t\t<\/div>\n\t\t\t\t\t<\/div>\n\t\t<\/div>\n\t\t\t\t\t<\/div>\n\t\t<\/div>\n\t\t\t\t<\/div>\n\t\t","protected":false},"excerpt":{"rendered":"<p>PVC STOLARIJA ROLOMONT &#8211; PVC prozori i vrata \u2013 PROFIL: Da bi se napravili kvalitetni i dobri PVC prozori kao i ostala PVC stolarija, potrebni su namPVC profili. Svi PVC profili se izra\u0111uju od polivinil klorida, \u0161to je vrsta plastike. Proizvo\u0111a\u010di profila pri njihovoj izradi dodaju aditive kako bi dodatno pobolj\u0161ali njihova svojstva; bjelinu, glatko\u0107u&#8230;<\/p>\n","protected":false},"author":1,"featured_media":0,"parent":0,"menu_order":0,"comment_status":"closed","ping_status":"closed","template":"","meta":{"om_disable_all_campaigns":false,"_monsterinsights_skip_tracking":false,"_monsterinsights_sitenote_active":false,"_monsterinsights_sitenote_note":"","_monsterinsights_sitenote_category":0,"_bas_post_transparent":"","_bas_post_title":"","_bas_post_layout":"","_bas_post_sidebar_id":"","_bas_post_content_style":"","_bas_post_vertical_padding":"","_bas_post_feature":"","_bas_post_feature_position":"","_bas_post_header":false,"_bas_post_footer":false,"footnotes":""},"class_list":["post-10061","page","type-page","status-publish","hentry"],"aioseo_notices":[],"_links":{"self":[{"href":"https:\/\/rolomont-prozori.hr\/index.php?rest_route=\/wp\/v2\/pages\/10061","targetHints":{"allow":["GET"]}}],"collection":[{"href":"https:\/\/rolomont-prozori.hr\/index.php?rest_route=\/wp\/v2\/pages"}],"about":[{"href":"https:\/\/rolomont-prozori.hr\/index.php?rest_route=\/wp\/v2\/types\/page"}],"author":[{"embeddable":true,"href":"https:\/\/rolomont-prozori.hr\/index.php?rest_route=\/wp\/v2\/users\/1"}],"replies":[{"embeddable":true,"href":"https:\/\/rolomont-prozori.hr\/index.php?rest_route=%2Fwp%2Fv2%2Fcomments&post=10061"}],"version-history":[{"count":57,"href":"https:\/\/rolomont-prozori.hr\/index.php?rest_route=\/wp\/v2\/pages\/10061\/revisions"}],"predecessor-version":[{"id":13042,"href":"https:\/\/rolomont-prozori.hr\/index.php?rest_route=\/wp\/v2\/pages\/10061\/revisions\/13042"}],"wp:attachment":[{"href":"https:\/\/rolomont-prozori.hr\/index.php?rest_route=%2Fwp%2Fv2%2Fmedia&parent=10061"}],"curies":[{"name":"wp","href":"https:\/\/api.w.org\/{rel}","templated":true}]}}