{"id":12650,"date":"2023-05-29T08:51:42","date_gmt":"2023-05-29T08:51:42","guid":{"rendered":"https:\/\/rolomont-prozori.hr\/?page_id=12650"},"modified":"2023-05-31T18:03:55","modified_gmt":"2023-05-31T18:03:55","slug":"sustavi-roleta","status":"publish","type":"page","link":"https:\/\/rolomont-prozori.hr\/?page_id=12650","title":{"rendered":"SUSTAVI ROLETA"},"content":{"rendered":"\t\t<div data-elementor-type=\"wp-page\" data-elementor-id=\"12650\" class=\"elementor elementor-12650\">\n\t\t\t\t\t\t<section class=\"elementor-section elementor-top-section elementor-element elementor-element-1d83723 elementor-section-boxed elementor-section-height-default elementor-section-height-default\" data-id=\"1d83723\" data-element_type=\"section\" data-e-type=\"section\">\n\t\t\t\t\t\t<div class=\"elementor-container elementor-column-gap-default\">\n\t\t\t\t\t<div class=\"elementor-column elementor-col-100 elementor-top-column elementor-element elementor-element-7af3e98\" data-id=\"7af3e98\" data-element_type=\"column\" data-e-type=\"column\">\n\t\t\t<div class=\"elementor-widget-wrap elementor-element-populated\">\n\t\t\t\t\t\t<section class=\"elementor-section elementor-inner-section elementor-element elementor-element-71070c2 elementor-section-boxed elementor-section-height-default elementor-section-height-default\" data-id=\"71070c2\" data-element_type=\"section\" data-e-type=\"section\">\n\t\t\t\t\t\t<div class=\"elementor-container elementor-column-gap-default\">\n\t\t\t\t\t<div class=\"elementor-column elementor-col-100 elementor-inner-column elementor-element elementor-element-0e173ea\" data-id=\"0e173ea\" data-element_type=\"column\" data-e-type=\"column\">\n\t\t\t<div class=\"elementor-widget-wrap elementor-element-populated\">\n\t\t\t\t\t\t<div class=\"elementor-element elementor-element-cb5678d elementor-widget elementor-widget-heading\" data-id=\"cb5678d\" data-element_type=\"widget\" data-e-type=\"widget\" data-widget_type=\"heading.default\">\n\t\t\t\t<div class=\"elementor-widget-container\">\n\t\t\t\t\t<h2 class=\"elementor-heading-title elementor-size-default\">SUSTAVI ROLETA<\/h2>\t\t\t\t<\/div>\n\t\t\t\t<\/div>\n\t\t\t\t<div class=\"elementor-element elementor-element-5301a6d elementor-widget__width-initial elementor-widget elementor-widget-text-editor\" data-id=\"5301a6d\" data-element_type=\"widget\" data-e-type=\"widget\" data-widget_type=\"text-editor.default\">\n\t\t\t\t<div class=\"elementor-widget-container\">\n\t\t\t\t\t\t\t\t\t<div class=\"flex-1 overflow-hidden\"><div class=\"react-scroll-to-bottom--css-wserw-79elbk h-full dark:bg-gray-800\"><div class=\"react-scroll-to-bottom--css-wserw-1n7m0yu\"><div class=\"flex flex-col text-sm dark:bg-gray-800\"><div class=\"group w-full text-gray-800 dark:text-gray-100 border-b border-black\/10 dark:border-gray-900\/50 bg-gray-50 dark:bg-[#444654]\"><div class=\"flex p-4 gap-4 text-base md:gap-6 md:max-w-2xl lg:max-w-xl xl:max-w-3xl md:py-6 lg:px-0 m-auto\"><div class=\"relative flex w-[calc(100%-50px)] flex-col gap-1 md:gap-3 lg:w-[calc(100%-115px)]\"><div class=\"flex flex-grow flex-col gap-3\"><div class=\"min-h-[20px] flex flex-col items-start gap-4 whitespace-pre-wrap break-words\"><div class=\"markdown prose w-full break-words dark:prose-invert light\"><div class=\"flex-1 overflow-hidden\"><div class=\"react-scroll-to-bottom--css-vgcme-79elbk h-full dark:bg-gray-800\"><div class=\"react-scroll-to-bottom--css-vgcme-1n7m0yu\"><div class=\"flex flex-col text-sm dark:bg-gray-800\"><div class=\"group w-full text-gray-800 dark:text-gray-100 border-b border-black\/10 dark:border-gray-900\/50 bg-gray-50 dark:bg-[#444654]\"><div class=\"flex p-4 gap-4 text-base md:gap-6 md:max-w-2xl lg:max-w-xl xl:max-w-3xl md:py-6 lg:px-0 m-auto\"><div class=\"relative flex w-[calc(100%-50px)] flex-col gap-1 md:gap-3 lg:w-[calc(100%-115px)]\"><div class=\"flex flex-grow flex-col gap-3\"><div class=\"min-h-[20px] flex flex-col items-start gap-4 whitespace-pre-wrap break-words\"><div class=\"markdown prose w-full break-words dark:prose-invert light\"><p>Rolete su vi\u0161enamjensko rje\u0161enje za va\u0161e prozore i vrata, pru\u017eaju\u0107i vam kontrolu nad<strong> osvjetljenjem, privatno\u0161\u0107u, toplotnom izolacijom i sigurno\u0161\u0107u<\/strong>. Ovi prakti\u010dni dodaci kombiniraju\u00a0 funkcionalnost, estetiku i prakti\u010dnost kako bi unapredili udobnost i stil va\u0161eg doma.<\/p><p>Jedna od glavnih prednosti roleta je <strong>mogu\u0107nost reguliranja svjetlosti<\/strong> i privatnosti u prostoriji. Pomo\u0107u mehanizma za podizanje i spu\u0161tanje, mo\u017eete jednostavno prilagoditi nivo osvjetljenja prema svojim potrebama. Bilo da \u017eelite potpuno zamra\u010denje ili blago propu\u0161tanje svjetlosti, rolete vam omogu\u0107avaju preciznu kontrolu. Tako\u0111er, rolete pru\u017eaju i visok nivo privatnosti, sprije\u010davaju\u00a0 ne\u017eeljene poglede sa vanjske\u00a0 strane.<\/p><p>Jo\u0161 jedna va\u017ena prednost roleta je njihova sposobnost da pru\u017ee <strong>termi\u010dku izolaciju.<\/strong> Zahvaljuju\u0107i materijalima kao \u0161to su <strong>PVC ili aluminij<\/strong>, rolete spre\u010davaju prodor toplote ili hladno\u0107e kroz prozore. Ovo poma\u017ee u odr\u017eavanju ugodne temperature u prostoriji tokom cijele godine, smanjuju\u0107i potrebu za klimatizacijom ili grijanjem. Tako\u0111er, termi\u010dka izolacija roleta mo\u017ee doprinijeti <strong>smanjenju tro\u0161kova energije<\/strong> i pove\u0107anju energetske efikasnosti va\u0161eg doma.<\/p><p>Sigurnost je jo\u0161 jedan va\u017ean aspekt roleta. Opremljene sigurnosnim sistemima kao \u0161to su bravice, roletni mehanizam i senzori, rolete pru\u017eaju dodatnu za\u0161titu od ne\u017eeljenih ulaza. Ovi sigurnosni elementi pove\u0107avaju nivo sigurnosti va\u0161eg doma, pru\u017eaju\u0107i vam mir.<\/p><p>Estetski aspekt roleta tako\u0111er nije zanemariv. Sa raznovrsnim <strong>dizajnom, bojama i stilovima<\/strong>, mo\u017eete odabrati rolete koje se savr\u0161eno uklapaju u interijer i eksterijer va\u0161eg doma. Bez obzira da li \u017eelite klasi\u010dan, moderan ili minimalisti\u010dki izgled, rolete mogu doprinijeti vizualnom dojmu i unaprediti estetiku prostora.<\/p><p>\u00a0<\/p><\/div><\/div><\/div><\/div><\/div><\/div><\/div><\/div><\/div><\/div><\/div><\/div><\/div><\/div><\/div><\/div><\/div><\/div><\/div><\/div>\t\t\t\t\t\t\t\t<\/div>\n\t\t\t\t<\/div>\n\t\t\t\t\t<\/div>\n\t\t<\/div>\n\t\t\t\t\t<\/div>\n\t\t<\/section>\n\t\t\t\t\t<\/div>\n\t\t<\/div>\n\t\t\t\t\t<\/div>\n\t\t<\/section>\n\t\t\t\t<section class=\"elementor-section elementor-top-section elementor-element elementor-element-d577845 elementor-section-boxed elementor-section-height-default elementor-section-height-default\" data-id=\"d577845\" data-element_type=\"section\" data-e-type=\"section\">\n\t\t\t\t\t\t<div class=\"elementor-container elementor-column-gap-default\">\n\t\t\t\t\t<div class=\"elementor-column elementor-col-100 elementor-top-column elementor-element elementor-element-369321b\" data-id=\"369321b\" data-element_type=\"column\" data-e-type=\"column\">\n\t\t\t<div class=\"elementor-widget-wrap elementor-element-populated\">\n\t\t\t\t\t\t<section class=\"elementor-section elementor-inner-section elementor-element elementor-element-8d0c62f elementor-section-boxed elementor-section-height-default elementor-section-height-default\" data-id=\"8d0c62f\" data-element_type=\"section\" data-e-type=\"section\">\n\t\t\t\t\t\t<div class=\"elementor-container elementor-column-gap-default\">\n\t\t\t\t\t<div class=\"elementor-column elementor-col-50 elementor-inner-column elementor-element elementor-element-f81f64e\" data-id=\"f81f64e\" data-element_type=\"column\" data-e-type=\"column\">\n\t\t\t<div class=\"elementor-widget-wrap elementor-element-populated\">\n\t\t\t\t\t\t<div class=\"elementor-element elementor-element-a3c7c3a elementor-widget elementor-widget-image-gallery\" data-id=\"a3c7c3a\" data-element_type=\"widget\" data-e-type=\"widget\" data-widget_type=\"image-gallery.default\">\n\t\t\t\t<div class=\"elementor-widget-container\">\n\t\t\t\t\t\t\t<div class=\"elementor-image-gallery\">\n\t\t\t<div id='gallery-2' class='gallery galleryid-12650 gallery-columns-4 gallery-size-large'><figure class='gallery-item'>\n\t\t\t<div class='gallery-icon landscape'>\n\t\t\t\t<a data-elementor-open-lightbox=\"yes\" data-elementor-lightbox-slideshow=\"a3c7c3a\" data-elementor-lightbox-title=\"podprozorske vidljive rolete\" data-e-action-hash=\"#elementor-action%3Aaction%3Dlightbox%26settings%3DeyJpZCI6MTI4NTYsInVybCI6Imh0dHBzOlwvXC9yb2xvbW9udC1wcm96b3JpLmhyXC93cC1jb250ZW50XC91cGxvYWRzXC8yMDIzXC8wNVwvcG9kcHJvem9yc2tlLXZpZGxqaXZlLXJvbGV0ZS5qcGciLCJzbGlkZXNob3ciOiJhM2M3YzNhIn0%3D\" href='https:\/\/rolomont-prozori.hr\/wp-content\/uploads\/2023\/05\/podprozorske-vidljive-rolete.jpg'><img fetchpriority=\"high\" decoding=\"async\" width=\"547\" height=\"474\" src=\"https:\/\/rolomont-prozori.hr\/wp-content\/uploads\/2023\/05\/podprozorske-vidljive-rolete.jpg\" class=\"attachment-large size-large\" alt=\"\" aria-describedby=\"gallery-2-12856\" srcset=\"https:\/\/rolomont-prozori.hr\/wp-content\/uploads\/2023\/05\/podprozorske-vidljive-rolete.jpg 547w, https:\/\/rolomont-prozori.hr\/wp-content\/uploads\/2023\/05\/podprozorske-vidljive-rolete-300x260.jpg 300w\" sizes=\"(max-width: 547px) 100vw, 547px\" \/><\/a>\n\t\t\t<\/div>\n\t\t\t\t<figcaption class='wp-caption-text gallery-caption' id='gallery-2-12856'>\n\t\t\t\tALU ili PVC roleta u vanjskoj ALU ili PCB kutiji\n\t\t\t\t<\/figcaption><\/figure><figure class='gallery-item'>\n\t\t\t<div class='gallery-icon landscape'>\n\t\t\t\t<a data-elementor-open-lightbox=\"yes\" data-elementor-lightbox-slideshow=\"a3c7c3a\" data-elementor-lightbox-title=\"predprozorska podzbukna-90-velika\" data-e-action-hash=\"#elementor-action%3Aaction%3Dlightbox%26settings%3DeyJpZCI6MTI4NTUsInVybCI6Imh0dHBzOlwvXC9yb2xvbW9udC1wcm96b3JpLmhyXC93cC1jb250ZW50XC91cGxvYWRzXC8yMDIzXC8wNVwvcHJlZHByb3pvcnNrYS1wb2R6YnVrbmEtOTAtdmVsaWthLmpwZyIsInNsaWRlc2hvdyI6ImEzYzdjM2EifQ%3D%3D\" href='https:\/\/rolomont-prozori.hr\/wp-content\/uploads\/2023\/05\/predprozorska-podzbukna-90-velika.jpg'><img decoding=\"async\" width=\"547\" height=\"474\" src=\"https:\/\/rolomont-prozori.hr\/wp-content\/uploads\/2023\/05\/predprozorska-podzbukna-90-velika.jpg\" class=\"attachment-large size-large\" alt=\"\" aria-describedby=\"gallery-2-12855\" srcset=\"https:\/\/rolomont-prozori.hr\/wp-content\/uploads\/2023\/05\/predprozorska-podzbukna-90-velika.jpg 547w, https:\/\/rolomont-prozori.hr\/wp-content\/uploads\/2023\/05\/predprozorska-podzbukna-90-velika-300x260.jpg 300w\" sizes=\"(max-width: 547px) 100vw, 547px\" \/><\/a>\n\t\t\t<\/div>\n\t\t\t\t<figcaption class='wp-caption-text gallery-caption' id='gallery-2-12855'>\n\t\t\t\tALU ili PVC roleta u podfasadnoj rolet kutiji\n\t\t\t\t<\/figcaption><\/figure><figure class='gallery-item'>\n\t\t\t<div class='gallery-icon landscape'>\n\t\t\t\t<a data-elementor-open-lightbox=\"yes\" data-elementor-lightbox-slideshow=\"a3c7c3a\" data-elementor-lightbox-title=\"nadprozorske rolete\" data-e-action-hash=\"#elementor-action%3Aaction%3Dlightbox%26settings%3DeyJpZCI6MTI4NTQsInVybCI6Imh0dHBzOlwvXC9yb2xvbW9udC1wcm96b3JpLmhyXC93cC1jb250ZW50XC91cGxvYWRzXC8yMDIzXC8wNVwvbmFkcHJvem9yc2tlLXJvbGV0ZS5qcGciLCJzbGlkZXNob3ciOiJhM2M3YzNhIn0%3D\" href='https:\/\/rolomont-prozori.hr\/wp-content\/uploads\/2023\/05\/nadprozorske-rolete.jpg'><img decoding=\"async\" width=\"547\" height=\"474\" src=\"https:\/\/rolomont-prozori.hr\/wp-content\/uploads\/2023\/05\/nadprozorske-rolete.jpg\" class=\"attachment-large size-large\" alt=\"\" aria-describedby=\"gallery-2-12854\" srcset=\"https:\/\/rolomont-prozori.hr\/wp-content\/uploads\/2023\/05\/nadprozorske-rolete.jpg 547w, https:\/\/rolomont-prozori.hr\/wp-content\/uploads\/2023\/05\/nadprozorske-rolete-300x260.jpg 300w\" sizes=\"(max-width: 547px) 100vw, 547px\" \/><\/a>\n\t\t\t<\/div>\n\t\t\t\t<figcaption class='wp-caption-text gallery-caption' id='gallery-2-12854'>\n\t\t\t\tALU ili PVC roleta u unutarnjoj PVC rolet kutiji\n\t\t\t\t<\/figcaption><\/figure><figure class='gallery-item'>\n\t\t\t<div class='gallery-icon portrait'>\n\t\t\t\t<a data-elementor-open-lightbox=\"yes\" data-elementor-lightbox-slideshow=\"a3c7c3a\" data-elementor-lightbox-title=\"boje roleta\" data-e-action-hash=\"#elementor-action%3Aaction%3Dlightbox%26settings%3DeyJpZCI6MTI4NDIsInVybCI6Imh0dHBzOlwvXC9yb2xvbW9udC1wcm96b3JpLmhyXC93cC1jb250ZW50XC91cGxvYWRzXC8yMDIzXC8wNVwvYm9qZS1yb2xldGEuanBnIiwic2xpZGVzaG93IjoiYTNjN2MzYSJ9\" href='https:\/\/rolomont-prozori.hr\/wp-content\/uploads\/2023\/05\/boje-roleta.jpg'><img loading=\"lazy\" decoding=\"async\" width=\"770\" height=\"1024\" src=\"https:\/\/rolomont-prozori.hr\/wp-content\/uploads\/2023\/05\/boje-roleta-770x1024.jpg\" class=\"attachment-large size-large\" alt=\"\" aria-describedby=\"gallery-2-12842\" srcset=\"https:\/\/rolomont-prozori.hr\/wp-content\/uploads\/2023\/05\/boje-roleta-770x1024.jpg 770w, https:\/\/rolomont-prozori.hr\/wp-content\/uploads\/2023\/05\/boje-roleta-226x300.jpg 226w, https:\/\/rolomont-prozori.hr\/wp-content\/uploads\/2023\/05\/boje-roleta-768x1021.jpg 768w, https:\/\/rolomont-prozori.hr\/wp-content\/uploads\/2023\/05\/boje-roleta-1155x1536.jpg 1155w, https:\/\/rolomont-prozori.hr\/wp-content\/uploads\/2023\/05\/boje-roleta-600x798.jpg 600w, https:\/\/rolomont-prozori.hr\/wp-content\/uploads\/2023\/05\/boje-roleta.jpg 1540w\" sizes=\"(max-width: 770px) 100vw, 770px\" \/><\/a>\n\t\t\t<\/div>\n\t\t\t\t<figcaption class='wp-caption-text gallery-caption' id='gallery-2-12842'>\n\t\t\t\tBoje lamela za rolete\n\t\t\t\t<\/figcaption><\/figure>\n\t\t<\/div>\n\t\t<\/div>\n\t\t\t\t\t\t<\/div>\n\t\t\t\t<\/div>\n\t\t\t\t\t<\/div>\n\t\t<\/div>\n\t\t\t\t<div class=\"elementor-column elementor-col-50 elementor-inner-column elementor-element elementor-element-3e6e342\" data-id=\"3e6e342\" data-element_type=\"column\" data-e-type=\"column\">\n\t\t\t<div class=\"elementor-widget-wrap elementor-element-populated\">\n\t\t\t\t\t\t<div class=\"elementor-element elementor-element-5f45236 elementor-widget elementor-widget-heading\" data-id=\"5f45236\" data-element_type=\"widget\" data-e-type=\"widget\" data-widget_type=\"heading.default\">\n\t\t\t\t<div class=\"elementor-widget-container\">\n\t\t\t\t\t<h2 class=\"elementor-heading-title elementor-size-default\">ROLETE<\/h2>\t\t\t\t<\/div>\n\t\t\t\t<\/div>\n\t\t\t\t<div class=\"elementor-element elementor-element-63a9ccb elementor-widget__width-initial elementor-widget elementor-widget-text-editor\" data-id=\"63a9ccb\" data-element_type=\"widget\" data-e-type=\"widget\" data-widget_type=\"text-editor.default\">\n\t\t\t\t<div class=\"elementor-widget-container\">\n\t\t\t\t\t\t\t\t\t<div class=\"flex-1 overflow-hidden\"><div class=\"react-scroll-to-bottom--css-wserw-79elbk h-full dark:bg-gray-800\"><div class=\"react-scroll-to-bottom--css-wserw-1n7m0yu\"><div class=\"flex flex-col text-sm dark:bg-gray-800\"><div class=\"group w-full text-gray-800 dark:text-gray-100 border-b border-black\/10 dark:border-gray-900\/50 bg-gray-50 dark:bg-[#444654]\"><div class=\"flex p-4 gap-4 text-base md:gap-6 md:max-w-2xl lg:max-w-xl xl:max-w-3xl md:py-6 lg:px-0 m-auto\"><div class=\"relative flex w-[calc(100%-50px)] flex-col gap-1 md:gap-3 lg:w-[calc(100%-115px)]\"><div class=\"flex flex-grow flex-col gap-3\"><div class=\"min-h-[20px] flex flex-col items-start gap-4 whitespace-pre-wrap break-words\"><div class=\"markdown prose w-full break-words dark:prose-invert light\"><div class=\"flex-1 overflow-hidden\"><div class=\"react-scroll-to-bottom--css-vgcme-79elbk h-full dark:bg-gray-800\"><div class=\"react-scroll-to-bottom--css-vgcme-1n7m0yu\"><div class=\"flex flex-col text-sm dark:bg-gray-800\"><div class=\"group w-full text-gray-800 dark:text-gray-100 border-b border-black\/10 dark:border-gray-900\/50 bg-gray-50 dark:bg-[#444654]\"><div class=\"flex p-4 gap-4 text-base md:gap-6 md:max-w-2xl lg:max-w-xl xl:max-w-3xl md:py-6 lg:px-0 m-auto\"><div class=\"relative flex w-[calc(100%-50px)] flex-col gap-1 md:gap-3 lg:w-[calc(100%-115px)]\"><div class=\"flex flex-grow flex-col gap-3\"><div class=\"min-h-[20px] flex flex-col items-start gap-4 whitespace-pre-wrap break-words\"><div class=\"markdown prose w-full break-words dark:prose-invert light\"><ul><li>U ponudi imamo sljede\u0107e vrste roleta:<\/li><li>ALU ili PVC roleta u vanjskoj ALU ili PCB kutiji\u00a0<\/li><li>ALU ili PVC roleta u podfasadnoj rolet kutiji<\/li><li>ALU ili PVC roleta u unutranjoj rolet kutiji<\/li><\/ul><p>Mo\u017eete odabrati cjenovno povoljnije rolete od PVC lamela ili se odlu\u010diti za rolete s aluminijskim lamelama punjenima poliuretanskom pjenom.<\/p><p>PVC lamela, ALU lamela punjena poliuretanskom pjenom, 39 mm i ALU lamela punjena poliuretanskom pjenom, 43 mm.<\/p><p>\u00a0Uz roletu postoji mogu\u0107nost <strong>ugradnje i integrirani rolo komarnik.<\/strong><\/p><\/div><\/div><\/div><\/div><\/div><\/div><\/div><\/div><\/div><\/div><\/div><\/div><\/div><\/div><\/div><\/div><\/div><\/div><\/div><\/div>\t\t\t\t\t\t\t\t<\/div>\n\t\t\t\t<\/div>\n\t\t\t\t\t<\/div>\n\t\t<\/div>\n\t\t\t\t\t<\/div>\n\t\t<\/section>\n\t\t\t\t\t<\/div>\n\t\t<\/div>\n\t\t\t\t\t<\/div>\n\t\t<\/section>\n\t\t\t\t<section class=\"elementor-section elementor-top-section elementor-element elementor-element-2342171 elementor-section-boxed elementor-section-height-default elementor-section-height-default\" data-id=\"2342171\" data-element_type=\"section\" data-e-type=\"section\">\n\t\t\t\t\t\t<div class=\"elementor-container elementor-column-gap-default\">\n\t\t\t\t\t<div class=\"elementor-column elementor-col-100 elementor-top-column elementor-element elementor-element-5a6c7dc\" data-id=\"5a6c7dc\" data-element_type=\"column\" data-e-type=\"column\">\n\t\t\t<div class=\"elementor-widget-wrap elementor-element-populated\">\n\t\t\t\t\t\t<div class=\"elementor-element elementor-element-d2c6d93 elementor-align-start elementor-widget__width-initial elementor-icon-list--layout-inline elementor-list-item-link-full_width elementor-widget elementor-widget-icon-list\" data-id=\"d2c6d93\" data-element_type=\"widget\" data-e-type=\"widget\" data-widget_type=\"icon-list.default\">\n\t\t\t\t<div class=\"elementor-widget-container\">\n\t\t\t\t\t\t\t<ul class=\"elementor-icon-list-items elementor-inline-items\">\n\t\t\t\t\t\t\t<li class=\"elementor-icon-list-item elementor-inline-item\">\n\t\t\t\t\t\t\t\t\t\t\t<span class=\"elementor-icon-list-icon\">\n\t\t\t\t\t\t\t<i aria-hidden=\"true\" class=\"fas fa-check-circle\"><\/i>\t\t\t\t\t\t<\/span>\n\t\t\t\t\t\t\t\t\t\t<span class=\"elementor-icon-list-text\">Energetska efikasnost<\/span>\n\t\t\t\t\t\t\t\t\t<\/li>\n\t\t\t\t\t\t\t\t<li class=\"elementor-icon-list-item elementor-inline-item\">\n\t\t\t\t\t\t\t\t\t\t\t<span class=\"elementor-icon-list-icon\">\n\t\t\t\t\t\t\t<i aria-hidden=\"true\" class=\"fas fa-check-circle\"><\/i>\t\t\t\t\t\t<\/span>\n\t\t\t\t\t\t\t\t\t\t<span class=\"elementor-icon-list-text\">Dizajn i trajnost<\/span>\n\t\t\t\t\t\t\t\t\t<\/li>\n\t\t\t\t\t\t\t\t<li class=\"elementor-icon-list-item elementor-inline-item\">\n\t\t\t\t\t\t\t\t\t\t\t<span class=\"elementor-icon-list-icon\">\n\t\t\t\t\t\t\t<i aria-hidden=\"true\" class=\"fas fa-check-circle\"><\/i>\t\t\t\t\t\t<\/span>\n\t\t\t\t\t\t\t\t\t\t<span class=\"elementor-icon-list-text\">Za\u0161tita od buke<\/span>\n\t\t\t\t\t\t\t\t\t<\/li>\n\t\t\t\t\t\t\t\t<li class=\"elementor-icon-list-item elementor-inline-item\">\n\t\t\t\t\t\t\t\t\t\t\t<span class=\"elementor-icon-list-icon\">\n\t\t\t\t\t\t\t<i aria-hidden=\"true\" class=\"fas fa-check-circle\"><\/i>\t\t\t\t\t\t<\/span>\n\t\t\t\t\t\t\t\t\t\t<span class=\"elementor-icon-list-text\">\u010cvrsto\u0107a i pouzdanost<\/span>\n\t\t\t\t\t\t\t\t\t<\/li>\n\t\t\t\t\t\t<\/ul>\n\t\t\t\t\t\t<\/div>\n\t\t\t\t<\/div>\n\t\t\t\t\t<\/div>\n\t\t<\/div>\n\t\t\t\t\t<\/div>\n\t\t<\/section>\n\t\t\t\t<\/div>\n\t\t","protected":false},"excerpt":{"rendered":"<p>SUSTAVI ROLETA Rolete su vi\u0161enamjensko rje\u0161enje za va\u0161e prozore i vrata, pru\u017eaju\u0107i vam kontrolu nad osvjetljenjem, privatno\u0161\u0107u, toplotnom izolacijom i sigurno\u0161\u0107u. Ovi prakti\u010dni dodaci kombiniraju\u00a0 funkcionalnost, estetiku i prakti\u010dnost kako bi unapredili udobnost i stil va\u0161eg doma. Jedna od glavnih prednosti roleta je mogu\u0107nost reguliranja svjetlosti i privatnosti u prostoriji. Pomo\u0107u mehanizma za podizanje i&#8230;<\/p>\n","protected":false},"author":1,"featured_media":0,"parent":10061,"menu_order":0,"comment_status":"closed","ping_status":"closed","template":"","meta":{"om_disable_all_campaigns":false,"_monsterinsights_skip_tracking":false,"_monsterinsights_sitenote_active":false,"_monsterinsights_sitenote_note":"","_monsterinsights_sitenote_category":0,"_bas_post_transparent":"","_bas_post_title":"hide","_bas_post_layout":"fullwidth","_bas_post_sidebar_id":"","_bas_post_content_style":"unboxed","_bas_post_vertical_padding":"hide","_bas_post_feature":"hide","_bas_post_feature_position":"","_bas_post_header":false,"_bas_post_footer":false,"footnotes":""},"class_list":["post-12650","page","type-page","status-publish","hentry"],"aioseo_notices":[],"_links":{"self":[{"href":"https:\/\/rolomont-prozori.hr\/index.php?rest_route=\/wp\/v2\/pages\/12650","targetHints":{"allow":["GET"]}}],"collection":[{"href":"https:\/\/rolomont-prozori.hr\/index.php?rest_route=\/wp\/v2\/pages"}],"about":[{"href":"https:\/\/rolomont-prozori.hr\/index.php?rest_route=\/wp\/v2\/types\/page"}],"author":[{"embeddable":true,"href":"https:\/\/rolomont-prozori.hr\/index.php?rest_route=\/wp\/v2\/users\/1"}],"replies":[{"embeddable":true,"href":"https:\/\/rolomont-prozori.hr\/index.php?rest_route=%2Fwp%2Fv2%2Fcomments&post=12650"}],"version-history":[{"count":51,"href":"https:\/\/rolomont-prozori.hr\/index.php?rest_route=\/wp\/v2\/pages\/12650\/revisions"}],"predecessor-version":[{"id":12968,"href":"https:\/\/rolomont-prozori.hr\/index.php?rest_route=\/wp\/v2\/pages\/12650\/revisions\/12968"}],"up":[{"embeddable":true,"href":"https:\/\/rolomont-prozori.hr\/index.php?rest_route=\/wp\/v2\/pages\/10061"}],"wp:attachment":[{"href":"https:\/\/rolomont-prozori.hr\/index.php?rest_route=%2Fwp%2Fv2%2Fmedia&parent=12650"}],"curies":[{"name":"wp","href":"https:\/\/api.w.org\/{rel}","templated":true}]}}