{"id":12663,"date":"2023-05-29T09:17:42","date_gmt":"2023-05-29T09:17:42","guid":{"rendered":"https:\/\/rolomont-prozori.hr\/?page_id=12663"},"modified":"2023-06-06T11:02:05","modified_gmt":"2023-06-06T11:02:05","slug":"garazna-vrata-3","status":"publish","type":"page","link":"https:\/\/rolomont-prozori.hr\/?page_id=12663","title":{"rendered":"GARA\u017dNA VRATA"},"content":{"rendered":"\t\t<div data-elementor-type=\"wp-page\" data-elementor-id=\"12663\" class=\"elementor elementor-12663\">\n\t\t\t\t\t\t<section class=\"elementor-section elementor-top-section elementor-element elementor-element-bce8199 elementor-section-boxed elementor-section-height-default elementor-section-height-default\" data-id=\"bce8199\" data-element_type=\"section\" data-e-type=\"section\">\n\t\t\t\t\t\t<div class=\"elementor-container elementor-column-gap-default\">\n\t\t\t\t\t<div class=\"elementor-column elementor-col-100 elementor-top-column elementor-element elementor-element-7694f74\" data-id=\"7694f74\" data-element_type=\"column\" data-e-type=\"column\">\n\t\t\t<div class=\"elementor-widget-wrap elementor-element-populated\">\n\t\t\t\t\t\t<section class=\"elementor-section elementor-inner-section elementor-element elementor-element-937fe59 elementor-section-boxed elementor-section-height-default elementor-section-height-default\" data-id=\"937fe59\" data-element_type=\"section\" data-e-type=\"section\">\n\t\t\t\t\t\t<div class=\"elementor-container elementor-column-gap-default\">\n\t\t\t\t\t<div class=\"elementor-column elementor-col-50 elementor-inner-column elementor-element elementor-element-3895730\" data-id=\"3895730\" data-element_type=\"column\" data-e-type=\"column\">\n\t\t\t<div class=\"elementor-widget-wrap elementor-element-populated\">\n\t\t\t\t\t\t<div class=\"elementor-element elementor-element-d7b28e3 elementor-widget elementor-widget-image\" data-id=\"d7b28e3\" data-element_type=\"widget\" data-e-type=\"widget\" data-widget_type=\"image.default\">\n\t\t\t\t<div class=\"elementor-widget-container\">\n\t\t\t\t\t\t\t\t\t\t\t\t\t\t\t<img fetchpriority=\"high\" decoding=\"async\" width=\"768\" height=\"1024\" src=\"https:\/\/rolomont-prozori.hr\/wp-content\/uploads\/2023\/05\/garazna-vrata-u-boji-1-768x1024.jpg\" class=\"attachment-large size-large wp-image-12465\" alt=\"\" srcset=\"https:\/\/rolomont-prozori.hr\/wp-content\/uploads\/2023\/05\/garazna-vrata-u-boji-1-768x1024.jpg 768w, https:\/\/rolomont-prozori.hr\/wp-content\/uploads\/2023\/05\/garazna-vrata-u-boji-1-225x300.jpg 225w, https:\/\/rolomont-prozori.hr\/wp-content\/uploads\/2023\/05\/garazna-vrata-u-boji-1-1152x1536.jpg 1152w, https:\/\/rolomont-prozori.hr\/wp-content\/uploads\/2023\/05\/garazna-vrata-u-boji-1-600x800.jpg 600w, https:\/\/rolomont-prozori.hr\/wp-content\/uploads\/2023\/05\/garazna-vrata-u-boji-1.jpg 1200w\" sizes=\"(max-width: 768px) 100vw, 768px\" \/>\t\t\t\t\t\t\t\t\t\t\t\t\t\t\t<\/div>\n\t\t\t\t<\/div>\n\t\t\t\t\t<\/div>\n\t\t<\/div>\n\t\t\t\t<div class=\"elementor-column elementor-col-50 elementor-inner-column elementor-element elementor-element-17bf354\" data-id=\"17bf354\" data-element_type=\"column\" data-e-type=\"column\">\n\t\t\t<div class=\"elementor-widget-wrap elementor-element-populated\">\n\t\t\t\t\t\t<div class=\"elementor-element elementor-element-733e43b elementor-widget elementor-widget-heading\" data-id=\"733e43b\" data-element_type=\"widget\" data-e-type=\"widget\" data-widget_type=\"heading.default\">\n\t\t\t\t<div class=\"elementor-widget-container\">\n\t\t\t\t\t<h2 class=\"elementor-heading-title elementor-size-default\">GARA\u017dNA VRATA<\/h2>\t\t\t\t<\/div>\n\t\t\t\t<\/div>\n\t\t\t\t<div class=\"elementor-element elementor-element-c4a86b2 elementor-widget__width-initial elementor-widget elementor-widget-text-editor\" data-id=\"c4a86b2\" data-element_type=\"widget\" data-e-type=\"widget\" data-widget_type=\"text-editor.default\">\n\t\t\t\t<div class=\"elementor-widget-container\">\n\t\t\t\t\t\t\t\t\t<p>\u00a0<strong>\u00a0Gara\u017ena vrata<\/strong> su prakti\u010dno i sigurno rje\u0161enje za va\u0161u gara\u017eu. Izra\u0111ena od visokokvalitetnog\u00a0 materijala, ova vrsta vrata pru\u017ea <strong>izdr\u017eljivost, termi\u010dku izolaciju i estetski dojam.<\/strong><\/p><p>Jedna od klju\u010dnih prednosti\u00a0 gara\u017enih vrata je njihova izuzetna otpornost na vanjske utjecaje. Otporna su na<strong> koroziju, truljenje i deformaciju,<\/strong> osiguravaju\u0107i dugovje\u010dnost i minimalno odr\u017eavanje.<\/p><p>Gara\u017ena vrata tako\u0111er pru\u017eaju odli\u010dnu <strong>termi\u010dku izolaciju<\/strong>. Zahvaljuju\u0107i svojoj strukturi i termi\u010dkom prekidu, ova vrata sprje\u010davaju prodor topline ili hladno\u0107e u va\u0161u gara\u017eu. To zna\u010di da \u0107e temperatura u gara\u017ei biti ugodnija tokom cijele godine, bez obzira na vremenske uvjete vani. Tako\u0111er \u0107e pomo\u0107i u odr\u017eavanju temperature u susjednim prostorijama, \u010dime se posti\u017ee <strong>energetska efikasnost.<\/strong><\/p><p>\u00a0Opremljena su sigurnosnim mehanizmima koji spre\u010davaju neovla\u0161ten pristup i \u0161tite va\u0161u imovinu. Mogu biti opremljena i dodatnim sigurnosnim funkcijama poput sistema za <strong>daljinsko otvaranje i zatvaranje<\/strong>, kao i senzora za detekciju prepreka.<\/p><p>Sa raznovrsnim dizajnom, bojama i zavr\u0161nim obradama, mo\u017eete prilagoditi vrata va\u0161em stilu i estetici va\u0161eg doma. Bilo da \u017eelite da se uklope sa postoje\u0107om vanj\u0161tinom ili \u017eelite da istaknete svoj osobni stil,\u00a0 gara\u017ena vrata pru\u017eaju mogu\u0107nost da ostvarite \u017eeljeni vizualni dojam<\/p><p><strong>U na\u0161oj ponudi imamo:<\/strong><\/p><ol><li><strong>ROLO GARA\u017dNA VRATA<\/strong><\/li><li><strong>SEKCIJSKA GARA\u017dNA VRATA<\/strong><\/li><\/ol><ul><li>Paneli dostupni u modulu od 500 mm i 610 mm<\/li><li>Vanjska struktura: prethodno obojeni pocin\u010dani \u010delik ili aluminij, s obje strane<\/li><li>Premazi: 25 \u00b5m Poliester ili Plastisol 200 \u00b5m (na zahtjev)<\/li><li>Paneli s tradicionalnim spojem<\/li><li>Debljina panela: 40 mm\u00a0 PVC brtvena traka nanosi se tijekom proizvodne faze na nos plo\u010de<\/li><li>Izolacija: visoke gusto\u0107e (40 kg\/m3) samo gasiva, bez HCFC-a, zatvorenih \u0107elija, poliuretanska pjena<\/li><li>Obje strane su za\u0161ti\u0107ene ljepljivom polietilenskom folijom (ukloniti prije ugradnje) 2 uzdu\u017ena \u010deli\u010dna oja\u010danja postavljena su na polo\u017eaj \u0161arki kako bi se zajam\u010dila sigurna fiksacija.<\/li><\/ul><p><strong>\u00a0 \u00a0 \u00a0 \u00a0 \u00a0 \u00a0 \u00a0 \u00a0 \u00a0 Sigurnost i stil za va\u0161u gara\u017eu!<\/strong><\/p>\t\t\t\t\t\t\t\t<\/div>\n\t\t\t\t<\/div>\n\t\t\t\t\t<\/div>\n\t\t<\/div>\n\t\t\t\t\t<\/div>\n\t\t<\/section>\n\t\t\t\t\t<\/div>\n\t\t<\/div>\n\t\t\t\t\t<\/div>\n\t\t<\/section>\n\t\t\t\t<section class=\"elementor-section elementor-top-section elementor-element elementor-element-ac2dc27 elementor-section-boxed elementor-section-height-default elementor-section-height-default\" data-id=\"ac2dc27\" data-element_type=\"section\" data-e-type=\"section\">\n\t\t\t\t\t\t<div class=\"elementor-container elementor-column-gap-default\">\n\t\t\t\t\t<div class=\"elementor-column elementor-col-100 elementor-top-column elementor-element elementor-element-1d65b4d\" data-id=\"1d65b4d\" data-element_type=\"column\" data-e-type=\"column\">\n\t\t\t<div class=\"elementor-widget-wrap elementor-element-populated\">\n\t\t\t\t\t\t<div class=\"elementor-element elementor-element-001ccae elementor-align-start elementor-widget__width-initial elementor-icon-list--layout-inline elementor-list-item-link-full_width elementor-widget elementor-widget-icon-list\" data-id=\"001ccae\" data-element_type=\"widget\" data-e-type=\"widget\" data-widget_type=\"icon-list.default\">\n\t\t\t\t<div class=\"elementor-widget-container\">\n\t\t\t\t\t\t\t<ul class=\"elementor-icon-list-items elementor-inline-items\">\n\t\t\t\t\t\t\t<li class=\"elementor-icon-list-item elementor-inline-item\">\n\t\t\t\t\t\t\t\t\t\t\t<span class=\"elementor-icon-list-icon\">\n\t\t\t\t\t\t\t<i aria-hidden=\"true\" class=\"fas fa-check-circle\"><\/i>\t\t\t\t\t\t<\/span>\n\t\t\t\t\t\t\t\t\t\t<span class=\"elementor-icon-list-text\">Energetska efikasnost<\/span>\n\t\t\t\t\t\t\t\t\t<\/li>\n\t\t\t\t\t\t\t\t<li class=\"elementor-icon-list-item elementor-inline-item\">\n\t\t\t\t\t\t\t\t\t\t\t<span class=\"elementor-icon-list-icon\">\n\t\t\t\t\t\t\t<i aria-hidden=\"true\" class=\"fas fa-check-circle\"><\/i>\t\t\t\t\t\t<\/span>\n\t\t\t\t\t\t\t\t\t\t<span class=\"elementor-icon-list-text\">Dizajn i trajnost<\/span>\n\t\t\t\t\t\t\t\t\t<\/li>\n\t\t\t\t\t\t\t\t<li class=\"elementor-icon-list-item elementor-inline-item\">\n\t\t\t\t\t\t\t\t\t\t\t<span class=\"elementor-icon-list-icon\">\n\t\t\t\t\t\t\t<i aria-hidden=\"true\" class=\"fas fa-check-circle\"><\/i>\t\t\t\t\t\t<\/span>\n\t\t\t\t\t\t\t\t\t\t<span class=\"elementor-icon-list-text\">Za\u0161tita od buke<\/span>\n\t\t\t\t\t\t\t\t\t<\/li>\n\t\t\t\t\t\t\t\t<li class=\"elementor-icon-list-item elementor-inline-item\">\n\t\t\t\t\t\t\t\t\t\t\t<span class=\"elementor-icon-list-icon\">\n\t\t\t\t\t\t\t<i aria-hidden=\"true\" class=\"fas fa-check-circle\"><\/i>\t\t\t\t\t\t<\/span>\n\t\t\t\t\t\t\t\t\t\t<span class=\"elementor-icon-list-text\">\u010cvrsto\u0107a i pouzdanost<\/span>\n\t\t\t\t\t\t\t\t\t<\/li>\n\t\t\t\t\t\t<\/ul>\n\t\t\t\t\t\t<\/div>\n\t\t\t\t<\/div>\n\t\t\t\t\t<\/div>\n\t\t<\/div>\n\t\t\t\t\t<\/div>\n\t\t<\/section>\n\t\t\t\t<\/div>\n\t\t","protected":false},"excerpt":{"rendered":"<p>GARA\u017dNA VRATA \u00a0\u00a0Gara\u017ena vrata su prakti\u010dno i sigurno rje\u0161enje za va\u0161u gara\u017eu. Izra\u0111ena od visokokvalitetnog\u00a0 materijala, ova vrsta vrata pru\u017ea izdr\u017eljivost, termi\u010dku izolaciju i estetski dojam. Jedna od klju\u010dnih prednosti\u00a0 gara\u017enih vrata je njihova izuzetna otpornost na vanjske utjecaje. Otporna su na koroziju, truljenje i deformaciju, osiguravaju\u0107i dugovje\u010dnost i minimalno odr\u017eavanje. Gara\u017ena vrata tako\u0111er pru\u017eaju&#8230;<\/p>\n","protected":false},"author":1,"featured_media":0,"parent":10061,"menu_order":0,"comment_status":"closed","ping_status":"closed","template":"","meta":{"om_disable_all_campaigns":false,"_monsterinsights_skip_tracking":false,"_monsterinsights_sitenote_active":false,"_monsterinsights_sitenote_note":"","_monsterinsights_sitenote_category":0,"_bas_post_transparent":"","_bas_post_title":"hide","_bas_post_layout":"fullwidth","_bas_post_sidebar_id":"","_bas_post_content_style":"unboxed","_bas_post_vertical_padding":"hide","_bas_post_feature":"hide","_bas_post_feature_position":"","_bas_post_header":false,"_bas_post_footer":false,"footnotes":""},"class_list":["post-12663","page","type-page","status-publish","hentry"],"aioseo_notices":[],"_links":{"self":[{"href":"https:\/\/rolomont-prozori.hr\/index.php?rest_route=\/wp\/v2\/pages\/12663","targetHints":{"allow":["GET"]}}],"collection":[{"href":"https:\/\/rolomont-prozori.hr\/index.php?rest_route=\/wp\/v2\/pages"}],"about":[{"href":"https:\/\/rolomont-prozori.hr\/index.php?rest_route=\/wp\/v2\/types\/page"}],"author":[{"embeddable":true,"href":"https:\/\/rolomont-prozori.hr\/index.php?rest_route=\/wp\/v2\/users\/1"}],"replies":[{"embeddable":true,"href":"https:\/\/rolomont-prozori.hr\/index.php?rest_route=%2Fwp%2Fv2%2Fcomments&post=12663"}],"version-history":[{"count":37,"href":"https:\/\/rolomont-prozori.hr\/index.php?rest_route=\/wp\/v2\/pages\/12663\/revisions"}],"predecessor-version":[{"id":13021,"href":"https:\/\/rolomont-prozori.hr\/index.php?rest_route=\/wp\/v2\/pages\/12663\/revisions\/13021"}],"up":[{"embeddable":true,"href":"https:\/\/rolomont-prozori.hr\/index.php?rest_route=\/wp\/v2\/pages\/10061"}],"wp:attachment":[{"href":"https:\/\/rolomont-prozori.hr\/index.php?rest_route=%2Fwp%2Fv2%2Fmedia&parent=12663"}],"curies":[{"name":"wp","href":"https:\/\/api.w.org\/{rel}","templated":true}]}}