{"id":12805,"date":"2023-05-31T10:10:29","date_gmt":"2023-05-31T10:10:29","guid":{"rendered":"https:\/\/rolomont-prozori.hr\/?page_id=12805"},"modified":"2023-05-31T13:26:47","modified_gmt":"2023-05-31T13:26:47","slug":"komarnici","status":"publish","type":"page","link":"https:\/\/rolomont-prozori.hr\/?page_id=12805","title":{"rendered":"KOMARNICI"},"content":{"rendered":"\t\t<div data-elementor-type=\"wp-page\" data-elementor-id=\"12805\" class=\"elementor elementor-12805\">\n\t\t\t\t\t\t<section class=\"elementor-section elementor-top-section elementor-element elementor-element-0cae0fb elementor-section-boxed elementor-section-height-default elementor-section-height-default\" data-id=\"0cae0fb\" data-element_type=\"section\" data-e-type=\"section\">\n\t\t\t\t\t\t<div class=\"elementor-container elementor-column-gap-default\">\n\t\t\t\t\t<div class=\"elementor-column elementor-col-100 elementor-top-column elementor-element elementor-element-5577245\" data-id=\"5577245\" data-element_type=\"column\" data-e-type=\"column\">\n\t\t\t<div class=\"elementor-widget-wrap elementor-element-populated\">\n\t\t\t\t\t\t<section class=\"elementor-section elementor-inner-section elementor-element elementor-element-66dc8bc elementor-section-boxed elementor-section-height-default elementor-section-height-default\" data-id=\"66dc8bc\" data-element_type=\"section\" data-e-type=\"section\">\n\t\t\t\t\t\t<div class=\"elementor-container elementor-column-gap-default\">\n\t\t\t\t\t<div class=\"elementor-column elementor-col-50 elementor-inner-column elementor-element elementor-element-1d19555\" data-id=\"1d19555\" data-element_type=\"column\" data-e-type=\"column\">\n\t\t\t<div class=\"elementor-widget-wrap elementor-element-populated\">\n\t\t\t\t\t\t<div class=\"elementor-element elementor-element-d351280 elementor-widget elementor-widget-image\" data-id=\"d351280\" data-element_type=\"widget\" data-e-type=\"widget\" data-widget_type=\"image.default\">\n\t\t\t\t<div class=\"elementor-widget-container\">\n\t\t\t\t\t\t\t\t\t\t\t\t\t\t\t<img fetchpriority=\"high\" decoding=\"async\" width=\"768\" height=\"692\" src=\"https:\/\/rolomont-prozori.hr\/wp-content\/uploads\/2023\/05\/komarnik-min-1-768x692.jpg\" class=\"attachment-medium_large size-medium_large wp-image-12281\" alt=\"\" srcset=\"https:\/\/rolomont-prozori.hr\/wp-content\/uploads\/2023\/05\/komarnik-min-1-768x692.jpg 768w, https:\/\/rolomont-prozori.hr\/wp-content\/uploads\/2023\/05\/komarnik-min-1-300x270.jpg 300w, https:\/\/rolomont-prozori.hr\/wp-content\/uploads\/2023\/05\/komarnik-min-1-600x541.jpg 600w, https:\/\/rolomont-prozori.hr\/wp-content\/uploads\/2023\/05\/komarnik-min-1.jpg 918w\" sizes=\"(max-width: 768px) 100vw, 768px\" \/>\t\t\t\t\t\t\t\t\t\t\t\t\t\t\t<\/div>\n\t\t\t\t<\/div>\n\t\t\t\t\t<\/div>\n\t\t<\/div>\n\t\t\t\t<div class=\"elementor-column elementor-col-50 elementor-inner-column elementor-element elementor-element-f219915\" data-id=\"f219915\" data-element_type=\"column\" data-e-type=\"column\">\n\t\t\t<div class=\"elementor-widget-wrap elementor-element-populated\">\n\t\t\t\t\t\t<div class=\"elementor-element elementor-element-824c509 elementor-widget elementor-widget-heading\" data-id=\"824c509\" data-element_type=\"widget\" data-e-type=\"widget\" data-widget_type=\"heading.default\">\n\t\t\t\t<div class=\"elementor-widget-container\">\n\t\t\t\t\t<h2 class=\"elementor-heading-title elementor-size-default\">KOMARNICI<\/h2>\t\t\t\t<\/div>\n\t\t\t\t<\/div>\n\t\t\t\t<div class=\"elementor-element elementor-element-ebad240 elementor-widget__width-initial elementor-widget elementor-widget-text-editor\" data-id=\"ebad240\" data-element_type=\"widget\" data-e-type=\"widget\" data-widget_type=\"text-editor.default\">\n\t\t\t\t<div class=\"elementor-widget-container\">\n\t\t\t\t\t\t\t\t\t<ol><li><strong>FIKSNI KOMARNICI-<\/strong> Fiksni su komarnici najjednostavnije rje\u0161enje za za\u0161titu od ne\u017eeljenih insekata s najpovoljnijom cijenom. Prikladni su za postavljanje na prozore kroz koje nije potrebno pristupati vanjskoj prozorskoj polici. Odlikuju se trajno\u0161\u0107u te jednostavnom monta\u017eom i demonta\u017eom.<\/li><li><strong>KLIZNI KOMARNICI-<\/strong> Klizni su komarnici izra\u0111eni od aluminijskog profila dimenzija 18 x 53 mm, u koji je gumiranom cijevi pri\u010dvr\u0161\u0107ena gotovo nevidljiva mre\u017ea od staklenih vlakana. Na klizne je komarnike pomo\u0107u popre\u010dnog profila mogu\u0107e na donjem dijelu ugraditi sna\u017eniju metalnu mre\u017eicu, koja sprje\u010dava ulazak ve\u0107im uljezima. Svi se komarnici izra\u0111uju u tri standardne boje \u2013 bijeloj, sme\u0111oj i sivoj. Uz nadoplatu ih je mogu\u0107e obojiti u \u017eeljenu boju RAL ljestvice.<\/li><li><strong>PLISIRANI KOMARNICI-<\/strong> \u00a0Njihove su prednosti jednostavna upotreba, izdr\u017eljivost te jednostavno \u010di\u0161\u0107enje i odr\u017eavanje. Primjenjuju se za zatvaranje ve\u0107ih otvora, poput kliznih vrata.<\/li><li><p><strong>ROLO KOMARNICI-<\/strong>\u00a0 Rolo komarnici otvaraju se okomito. Mogu biti samostalni ili gotovo neprimjetno integrirani u vanjska sjenila (rolete i \u017ealuzine). Uglavnom ih je mogu\u0107e dodati i u ve\u0107 postoje\u0107a vanjska sjenila.Svi se komarnici izra\u0111uju u tri standardne boje \u2013 bijeloj, sme\u0111oj i sivoj. Uz nadoplatu ih je mogu\u0107e obojiti u \u017eeljenu boju RAL ljestvice.<\/p><\/li><li><strong>VRATNI KOMARNICI-<\/strong> Vratni komarnici izra\u0111uju se od \u010dvrstih aluminijskih profila dimenzija 18 x 53 mm. U profil je gumiranom cijevi pri\u010dvr\u0161\u0107ena gotovo nevidljiva plastificirana mre\u017ea od staklenih vlakana. U visini otvaranja nalazi se popre\u010dni profil s ru\u010dkom, koji sprje\u010dava dodirivanje i o\u0161te\u0107ivanje mre\u017ee.<\/li><\/ol>\t\t\t\t\t\t\t\t<\/div>\n\t\t\t\t<\/div>\n\t\t\t\t\t<\/div>\n\t\t<\/div>\n\t\t\t\t\t<\/div>\n\t\t<\/section>\n\t\t\t\t\t<\/div>\n\t\t<\/div>\n\t\t\t\t\t<\/div>\n\t\t<\/section>\n\t\t\t\t<section class=\"elementor-section elementor-top-section elementor-element elementor-element-f57a397 elementor-section-boxed elementor-section-height-default elementor-section-height-default\" data-id=\"f57a397\" data-element_type=\"section\" data-e-type=\"section\">\n\t\t\t\t\t\t<div class=\"elementor-container elementor-column-gap-default\">\n\t\t\t\t\t<div class=\"elementor-column elementor-col-100 elementor-top-column elementor-element elementor-element-b677e82\" data-id=\"b677e82\" data-element_type=\"column\" data-e-type=\"column\">\n\t\t\t<div class=\"elementor-widget-wrap elementor-element-populated\">\n\t\t\t\t\t\t<div class=\"elementor-element elementor-element-8d80253 elementor-widget elementor-widget-image-gallery\" data-id=\"8d80253\" data-element_type=\"widget\" data-e-type=\"widget\" data-widget_type=\"image-gallery.default\">\n\t\t\t\t<div class=\"elementor-widget-container\">\n\t\t\t\t\t\t\t<div class=\"elementor-image-gallery\">\n\t\t\t<div id='gallery-3' class='gallery galleryid-12805 gallery-columns-3 gallery-size-medium'><figure class='gallery-item'>\n\t\t\t<div class='gallery-icon landscape'>\n\t\t\t\t<a data-elementor-open-lightbox=\"yes\" data-elementor-lightbox-slideshow=\"8d80253\" data-elementor-lightbox-title=\"fiksni-komarnici1\" data-e-action-hash=\"#elementor-action%3Aaction%3Dlightbox%26settings%3DeyJpZCI6MTI4NjEsInVybCI6Imh0dHBzOlwvXC9yb2xvbW9udC1wcm96b3JpLmhyXC93cC1jb250ZW50XC91cGxvYWRzXC8yMDIzXC8wNVwvZmlrc25pLWtvbWFybmljaTEuanBnIiwic2xpZGVzaG93IjoiOGQ4MDI1MyJ9\" href='https:\/\/rolomont-prozori.hr\/wp-content\/uploads\/2023\/05\/fiksni-komarnici1.jpg'><img decoding=\"async\" width=\"300\" height=\"260\" src=\"https:\/\/rolomont-prozori.hr\/wp-content\/uploads\/2023\/05\/fiksni-komarnici1-300x260.jpg\" class=\"attachment-medium size-medium\" alt=\"\" aria-describedby=\"gallery-3-12861\" srcset=\"https:\/\/rolomont-prozori.hr\/wp-content\/uploads\/2023\/05\/fiksni-komarnici1-300x260.jpg 300w, https:\/\/rolomont-prozori.hr\/wp-content\/uploads\/2023\/05\/fiksni-komarnici1.jpg 547w\" sizes=\"(max-width: 300px) 100vw, 300px\" \/><\/a>\n\t\t\t<\/div>\n\t\t\t\t<figcaption class='wp-caption-text gallery-caption' id='gallery-3-12861'>\n\t\t\t\tFiksni komarnik\n\t\t\t\t<\/figcaption><\/figure><figure class='gallery-item'>\n\t\t\t<div class='gallery-icon landscape'>\n\t\t\t\t<a data-elementor-open-lightbox=\"yes\" data-elementor-lightbox-slideshow=\"8d80253\" data-elementor-lightbox-title=\"vratni-komarnici1\" data-e-action-hash=\"#elementor-action%3Aaction%3Dlightbox%26settings%3DeyJpZCI6MTI4NjYsInVybCI6Imh0dHBzOlwvXC9yb2xvbW9udC1wcm96b3JpLmhyXC93cC1jb250ZW50XC91cGxvYWRzXC8yMDIzXC8wNVwvdnJhdG5pLWtvbWFybmljaTEuanBnIiwic2xpZGVzaG93IjoiOGQ4MDI1MyJ9\" href='https:\/\/rolomont-prozori.hr\/wp-content\/uploads\/2023\/05\/vratni-komarnici1.jpg'><img decoding=\"async\" width=\"300\" height=\"260\" src=\"https:\/\/rolomont-prozori.hr\/wp-content\/uploads\/2023\/05\/vratni-komarnici1-300x260.jpg\" class=\"attachment-medium size-medium\" alt=\"\" aria-describedby=\"gallery-3-12866\" srcset=\"https:\/\/rolomont-prozori.hr\/wp-content\/uploads\/2023\/05\/vratni-komarnici1-300x260.jpg 300w, https:\/\/rolomont-prozori.hr\/wp-content\/uploads\/2023\/05\/vratni-komarnici1.jpg 547w\" sizes=\"(max-width: 300px) 100vw, 300px\" \/><\/a>\n\t\t\t<\/div>\n\t\t\t\t<figcaption class='wp-caption-text gallery-caption' id='gallery-3-12866'>\n\t\t\t\tVratni komarnik\n\t\t\t\t<\/figcaption><\/figure><figure class='gallery-item'>\n\t\t\t<div class='gallery-icon landscape'>\n\t\t\t\t<a data-elementor-open-lightbox=\"yes\" data-elementor-lightbox-slideshow=\"8d80253\" data-elementor-lightbox-title=\"rolo-komarnik-velika\" data-e-action-hash=\"#elementor-action%3Aaction%3Dlightbox%26settings%3DeyJpZCI6MTI4NjcsInVybCI6Imh0dHBzOlwvXC9yb2xvbW9udC1wcm96b3JpLmhyXC93cC1jb250ZW50XC91cGxvYWRzXC8yMDIzXC8wNVwvcm9sby1rb21hcm5pay12ZWxpa2EuanBnIiwic2xpZGVzaG93IjoiOGQ4MDI1MyJ9\" href='https:\/\/rolomont-prozori.hr\/wp-content\/uploads\/2023\/05\/rolo-komarnik-velika.jpg'><img loading=\"lazy\" decoding=\"async\" width=\"300\" height=\"260\" src=\"https:\/\/rolomont-prozori.hr\/wp-content\/uploads\/2023\/05\/rolo-komarnik-velika-300x260.jpg\" class=\"attachment-medium size-medium\" alt=\"\" aria-describedby=\"gallery-3-12867\" srcset=\"https:\/\/rolomont-prozori.hr\/wp-content\/uploads\/2023\/05\/rolo-komarnik-velika-300x260.jpg 300w, https:\/\/rolomont-prozori.hr\/wp-content\/uploads\/2023\/05\/rolo-komarnik-velika.jpg 547w\" sizes=\"(max-width: 300px) 100vw, 300px\" \/><\/a>\n\t\t\t<\/div>\n\t\t\t\t<figcaption class='wp-caption-text gallery-caption' id='gallery-3-12867'>\n\t\t\t\tRolo komarnik\n\t\t\t\t<\/figcaption><\/figure><figure class='gallery-item'>\n\t\t\t<div class='gallery-icon landscape'>\n\t\t\t\t<a data-elementor-open-lightbox=\"yes\" data-elementor-lightbox-slideshow=\"8d80253\" data-elementor-lightbox-title=\"vratni-komarnici\" data-e-action-hash=\"#elementor-action%3Aaction%3Dlightbox%26settings%3DeyJpZCI6MTI4NjksInVybCI6Imh0dHBzOlwvXC9yb2xvbW9udC1wcm96b3JpLmhyXC93cC1jb250ZW50XC91cGxvYWRzXC8yMDIzXC8wNVwvdnJhdG5pLWtvbWFybmljaS5qcGciLCJzbGlkZXNob3ciOiI4ZDgwMjUzIn0%3D\" href='https:\/\/rolomont-prozori.hr\/wp-content\/uploads\/2023\/05\/vratni-komarnici.jpg'><img loading=\"lazy\" decoding=\"async\" width=\"300\" height=\"260\" src=\"https:\/\/rolomont-prozori.hr\/wp-content\/uploads\/2023\/05\/vratni-komarnici-300x260.jpg\" class=\"attachment-medium size-medium\" alt=\"\" aria-describedby=\"gallery-3-12869\" srcset=\"https:\/\/rolomont-prozori.hr\/wp-content\/uploads\/2023\/05\/vratni-komarnici-300x260.jpg 300w, https:\/\/rolomont-prozori.hr\/wp-content\/uploads\/2023\/05\/vratni-komarnici.jpg 547w\" sizes=\"(max-width: 300px) 100vw, 300px\" \/><\/a>\n\t\t\t<\/div>\n\t\t\t\t<figcaption class='wp-caption-text gallery-caption' id='gallery-3-12869'>\n\t\t\t\tPlisirani komarnik\n\t\t\t\t<\/figcaption><\/figure><figure class='gallery-item'>\n\t\t\t<div class='gallery-icon landscape'>\n\t\t\t\t<a data-elementor-open-lightbox=\"yes\" data-elementor-lightbox-slideshow=\"8d80253\" data-elementor-lightbox-title=\"klizni-komarnici\" data-e-action-hash=\"#elementor-action%3Aaction%3Dlightbox%26settings%3DeyJpZCI6MTI4NzAsInVybCI6Imh0dHBzOlwvXC9yb2xvbW9udC1wcm96b3JpLmhyXC93cC1jb250ZW50XC91cGxvYWRzXC8yMDIzXC8wNVwva2xpem5pLWtvbWFybmljaS5qcGciLCJzbGlkZXNob3ciOiI4ZDgwMjUzIn0%3D\" href='https:\/\/rolomont-prozori.hr\/wp-content\/uploads\/2023\/05\/klizni-komarnici.jpg'><img loading=\"lazy\" decoding=\"async\" width=\"300\" height=\"260\" src=\"https:\/\/rolomont-prozori.hr\/wp-content\/uploads\/2023\/05\/klizni-komarnici-300x260.jpg\" class=\"attachment-medium size-medium\" alt=\"\" aria-describedby=\"gallery-3-12870\" srcset=\"https:\/\/rolomont-prozori.hr\/wp-content\/uploads\/2023\/05\/klizni-komarnici-300x260.jpg 300w, https:\/\/rolomont-prozori.hr\/wp-content\/uploads\/2023\/05\/klizni-komarnici.jpg 547w\" sizes=\"(max-width: 300px) 100vw, 300px\" \/><\/a>\n\t\t\t<\/div>\n\t\t\t\t<figcaption class='wp-caption-text gallery-caption' id='gallery-3-12870'>\n\t\t\t\tKlizni komarnik\n\t\t\t\t<\/figcaption><\/figure>\n\t\t<\/div>\n\t\t<\/div>\n\t\t\t\t\t\t<\/div>\n\t\t\t\t<\/div>\n\t\t\t\t\t<\/div>\n\t\t<\/div>\n\t\t\t\t\t<\/div>\n\t\t<\/section>\n\t\t\t\t<\/div>\n\t\t","protected":false},"excerpt":{"rendered":"<p>KOMARNICI FIKSNI KOMARNICI- Fiksni su komarnici najjednostavnije rje\u0161enje za za\u0161titu od ne\u017eeljenih insekata s najpovoljnijom cijenom. Prikladni su za postavljanje na prozore kroz koje nije potrebno pristupati vanjskoj prozorskoj polici. Odlikuju se trajno\u0161\u0107u te jednostavnom monta\u017eom i demonta\u017eom. KLIZNI KOMARNICI- Klizni su komarnici izra\u0111eni od aluminijskog profila dimenzija 18 x 53 mm, u koji je&#8230;<\/p>\n","protected":false},"author":1,"featured_media":0,"parent":0,"menu_order":0,"comment_status":"closed","ping_status":"closed","template":"","meta":{"om_disable_all_campaigns":false,"_monsterinsights_skip_tracking":false,"_monsterinsights_sitenote_active":false,"_monsterinsights_sitenote_note":"","_monsterinsights_sitenote_category":0,"_bas_post_transparent":"","_bas_post_title":"hide","_bas_post_layout":"fullwidth","_bas_post_sidebar_id":"","_bas_post_content_style":"unboxed","_bas_post_vertical_padding":"hide","_bas_post_feature":"hide","_bas_post_feature_position":"","_bas_post_header":false,"_bas_post_footer":false,"footnotes":""},"class_list":["post-12805","page","type-page","status-publish","hentry"],"aioseo_notices":[],"_links":{"self":[{"href":"https:\/\/rolomont-prozori.hr\/index.php?rest_route=\/wp\/v2\/pages\/12805","targetHints":{"allow":["GET"]}}],"collection":[{"href":"https:\/\/rolomont-prozori.hr\/index.php?rest_route=\/wp\/v2\/pages"}],"about":[{"href":"https:\/\/rolomont-prozori.hr\/index.php?rest_route=\/wp\/v2\/types\/page"}],"author":[{"embeddable":true,"href":"https:\/\/rolomont-prozori.hr\/index.php?rest_route=\/wp\/v2\/users\/1"}],"replies":[{"embeddable":true,"href":"https:\/\/rolomont-prozori.hr\/index.php?rest_route=%2Fwp%2Fv2%2Fcomments&post=12805"}],"version-history":[{"count":18,"href":"https:\/\/rolomont-prozori.hr\/index.php?rest_route=\/wp\/v2\/pages\/12805\/revisions"}],"predecessor-version":[{"id":12876,"href":"https:\/\/rolomont-prozori.hr\/index.php?rest_route=\/wp\/v2\/pages\/12805\/revisions\/12876"}],"wp:attachment":[{"href":"https:\/\/rolomont-prozori.hr\/index.php?rest_route=%2Fwp%2Fv2%2Fmedia&parent=12805"}],"curies":[{"name":"wp","href":"https:\/\/api.w.org\/{rel}","templated":true}]}}