{"id":12825,"date":"2023-05-31T10:54:49","date_gmt":"2023-05-31T10:54:49","guid":{"rendered":"https:\/\/rolomont-prozori.hr\/?page_id=12825"},"modified":"2023-05-31T11:03:48","modified_gmt":"2023-05-31T11:03:48","slug":"tende-5","status":"publish","type":"page","link":"https:\/\/rolomont-prozori.hr\/?page_id=12825","title":{"rendered":"TENDE"},"content":{"rendered":"\t\t<div data-elementor-type=\"wp-page\" data-elementor-id=\"12825\" class=\"elementor elementor-12825\">\n\t\t\t\t\t\t<section class=\"elementor-section elementor-top-section elementor-element elementor-element-1900696 elementor-section-boxed elementor-section-height-default elementor-section-height-default\" data-id=\"1900696\" data-element_type=\"section\" data-e-type=\"section\">\n\t\t\t\t\t\t<div class=\"elementor-container elementor-column-gap-default\">\n\t\t\t\t\t<div class=\"elementor-column elementor-col-100 elementor-top-column elementor-element elementor-element-9c12e64\" data-id=\"9c12e64\" data-element_type=\"column\" data-e-type=\"column\">\n\t\t\t<div class=\"elementor-widget-wrap elementor-element-populated\">\n\t\t\t\t\t\t<section class=\"elementor-section elementor-inner-section elementor-element elementor-element-9fb79b5 elementor-section-boxed elementor-section-height-default elementor-section-height-default\" data-id=\"9fb79b5\" data-element_type=\"section\" data-e-type=\"section\">\n\t\t\t\t\t\t<div class=\"elementor-container elementor-column-gap-default\">\n\t\t\t\t\t<div class=\"elementor-column elementor-col-50 elementor-inner-column elementor-element elementor-element-f4ae458\" data-id=\"f4ae458\" data-element_type=\"column\" data-e-type=\"column\">\n\t\t\t<div class=\"elementor-widget-wrap elementor-element-populated\">\n\t\t\t\t\t\t<div class=\"elementor-element elementor-element-3d85967 elementor-widget elementor-widget-image\" data-id=\"3d85967\" data-element_type=\"widget\" data-e-type=\"widget\" data-widget_type=\"image.default\">\n\t\t\t\t<div class=\"elementor-widget-container\">\n\t\t\t\t\t\t\t\t\t\t\t\t\t\t\t<img fetchpriority=\"high\" decoding=\"async\" width=\"768\" height=\"576\" src=\"https:\/\/rolomont-prozori.hr\/wp-content\/uploads\/2023\/05\/tende-2-768x576.jpg\" class=\"attachment-medium_large size-medium_large wp-image-12438\" alt=\"\" srcset=\"https:\/\/rolomont-prozori.hr\/wp-content\/uploads\/2023\/05\/tende-2-768x576.jpg 768w, https:\/\/rolomont-prozori.hr\/wp-content\/uploads\/2023\/05\/tende-2-300x225.jpg 300w, https:\/\/rolomont-prozori.hr\/wp-content\/uploads\/2023\/05\/tende-2-600x450.jpg 600w, https:\/\/rolomont-prozori.hr\/wp-content\/uploads\/2023\/05\/tende-2.jpg 1000w\" sizes=\"(max-width: 768px) 100vw, 768px\" \/>\t\t\t\t\t\t\t\t\t\t\t\t\t\t\t<\/div>\n\t\t\t\t<\/div>\n\t\t\t\t\t<\/div>\n\t\t<\/div>\n\t\t\t\t<div class=\"elementor-column elementor-col-50 elementor-inner-column elementor-element elementor-element-5e10c26\" data-id=\"5e10c26\" data-element_type=\"column\" data-e-type=\"column\">\n\t\t\t<div class=\"elementor-widget-wrap elementor-element-populated\">\n\t\t\t\t\t\t<div class=\"elementor-element elementor-element-3b84a92 elementor-widget elementor-widget-heading\" data-id=\"3b84a92\" data-element_type=\"widget\" data-e-type=\"widget\" data-widget_type=\"heading.default\">\n\t\t\t\t<div class=\"elementor-widget-container\">\n\t\t\t\t\t<h2 class=\"elementor-heading-title elementor-size-default\">TENDE<\/h2>\t\t\t\t<\/div>\n\t\t\t\t<\/div>\n\t\t\t\t<div class=\"elementor-element elementor-element-ba9fc5e elementor-widget__width-initial elementor-widget elementor-widget-text-editor\" data-id=\"ba9fc5e\" data-element_type=\"widget\" data-e-type=\"widget\" data-widget_type=\"text-editor.default\">\n\t\t\t\t<div class=\"elementor-widget-container\">\n\t\t\t\t\t\t\t\t\t<p>Tende su popularan oblik sjenila koji se koristi za za\u0161titu od sunca i stvaranje hladovine na prozorima, terasama, balkonima i drugim vanjskim prostorima. One su prakti\u010dne i estetski privla\u010dne, nude\u0107i funkcionalnost i dodatnu vrijednost va\u0161em domu ili poslovnom prostoru.<\/p><p>Platno je \u010desto odabrani materijal jer je izdr\u017eljivo, lako se odr\u017eava i pru\u017ea dobru za\u0161titu od sunca. Platnene tende dolaze u razli\u010ditim bojama i dezenima, \u0161to vam omogu\u0107uje da prilagodite izgled va\u0161eg vanjskog prostora.<\/p><p>Tenda sa izba\u010dajem na ruke, za\u0161tita od sunca i ki\u0161e, sa odvodom vode, ruke i mehanizam aluminij i inox, otporno na atmosferilije, dugotrajno perivo impregnirano platno, jednostavna ugradnja, izrada na mjeru, velik izbor boja i dezena&#8230;<\/p><div dir=\"auto\">SISTEM ROLOMONT:- TENDA na izba\u010daj (ruke)<\/div><div dir=\"auto\">Okvir: eloksirani aluminij bijeli<\/div><div dir=\"auto\">Ruke: bijele, 2-3 komada<\/div><div dir=\"auto\">Prokrom lanac u rukama<\/div><div dir=\"auto\">Prokrom vijak i pogon<\/div><div dir=\"auto\">Pogon: Reduktor na polugu (kurblu) ili motor sa vjetrosenzorom<\/div><div dir=\"auto\">Platno: UV otporno, SATLER<\/div><div dir=\"auto\">Boja platna: izbor preko 100 dezena<\/div><div dir=\"auto\">&#8220;Volan&#8221; u boji platna<\/div><div dir=\"auto\">Dimenzija: izrada na mjeru<\/div>\t\t\t\t\t\t\t\t<\/div>\n\t\t\t\t<\/div>\n\t\t\t\t\t<\/div>\n\t\t<\/div>\n\t\t\t\t\t<\/div>\n\t\t<\/section>\n\t\t\t\t\t<\/div>\n\t\t<\/div>\n\t\t\t\t\t<\/div>\n\t\t<\/section>\n\t\t\t\t<\/div>\n\t\t","protected":false},"excerpt":{"rendered":"<p>TENDE Tende su popularan oblik sjenila koji se koristi za za\u0161titu od sunca i stvaranje hladovine na prozorima, terasama, balkonima i drugim vanjskim prostorima. One su prakti\u010dne i estetski privla\u010dne, nude\u0107i funkcionalnost i dodatnu vrijednost va\u0161em domu ili poslovnom prostoru. Platno je \u010desto odabrani materijal jer je izdr\u017eljivo, lako se odr\u017eava i pru\u017ea dobru za\u0161titu&#8230;<\/p>\n","protected":false},"author":1,"featured_media":0,"parent":0,"menu_order":0,"comment_status":"closed","ping_status":"closed","template":"","meta":{"om_disable_all_campaigns":false,"_monsterinsights_skip_tracking":false,"_monsterinsights_sitenote_active":false,"_monsterinsights_sitenote_note":"","_monsterinsights_sitenote_category":0,"_bas_post_transparent":"","_bas_post_title":"hide","_bas_post_layout":"fullwidth","_bas_post_sidebar_id":"","_bas_post_content_style":"unboxed","_bas_post_vertical_padding":"hide","_bas_post_feature":"hide","_bas_post_feature_position":"","_bas_post_header":false,"_bas_post_footer":false,"footnotes":""},"class_list":["post-12825","page","type-page","status-publish","hentry"],"aioseo_notices":[],"_links":{"self":[{"href":"https:\/\/rolomont-prozori.hr\/index.php?rest_route=\/wp\/v2\/pages\/12825","targetHints":{"allow":["GET"]}}],"collection":[{"href":"https:\/\/rolomont-prozori.hr\/index.php?rest_route=\/wp\/v2\/pages"}],"about":[{"href":"https:\/\/rolomont-prozori.hr\/index.php?rest_route=\/wp\/v2\/types\/page"}],"author":[{"embeddable":true,"href":"https:\/\/rolomont-prozori.hr\/index.php?rest_route=\/wp\/v2\/users\/1"}],"replies":[{"embeddable":true,"href":"https:\/\/rolomont-prozori.hr\/index.php?rest_route=%2Fwp%2Fv2%2Fcomments&post=12825"}],"version-history":[{"count":7,"href":"https:\/\/rolomont-prozori.hr\/index.php?rest_route=\/wp\/v2\/pages\/12825\/revisions"}],"predecessor-version":[{"id":12832,"href":"https:\/\/rolomont-prozori.hr\/index.php?rest_route=\/wp\/v2\/pages\/12825\/revisions\/12832"}],"wp:attachment":[{"href":"https:\/\/rolomont-prozori.hr\/index.php?rest_route=%2Fwp%2Fv2%2Fmedia&parent=12825"}],"curies":[{"name":"wp","href":"https:\/\/api.w.org\/{rel}","templated":true}]}}