{"id":12935,"date":"2023-05-31T16:59:55","date_gmt":"2023-05-31T16:59:55","guid":{"rendered":"https:\/\/rolomont-prozori.hr\/?page_id=12935"},"modified":"2023-05-31T18:04:57","modified_gmt":"2023-05-31T18:04:57","slug":"sekcijska-garazna-vrata","status":"publish","type":"page","link":"https:\/\/rolomont-prozori.hr\/?page_id=12935","title":{"rendered":"SEKCIJSKA GARA\u017dNA VRATA"},"content":{"rendered":"\t\t<div data-elementor-type=\"wp-page\" data-elementor-id=\"12935\" class=\"elementor elementor-12935\">\n\t\t\t\t\t\t<section class=\"elementor-section elementor-top-section elementor-element elementor-element-1a73b58 elementor-section-boxed elementor-section-height-default elementor-section-height-default\" data-id=\"1a73b58\" data-element_type=\"section\" data-e-type=\"section\">\n\t\t\t\t\t\t<div class=\"elementor-container elementor-column-gap-default\">\n\t\t\t\t\t<div class=\"elementor-column elementor-col-100 elementor-top-column elementor-element elementor-element-4ca9acb\" data-id=\"4ca9acb\" data-element_type=\"column\" data-e-type=\"column\">\n\t\t\t<div class=\"elementor-widget-wrap elementor-element-populated\">\n\t\t\t\t\t\t<section class=\"elementor-section elementor-inner-section elementor-element elementor-element-e221f74 elementor-section-boxed elementor-section-height-default elementor-section-height-default\" data-id=\"e221f74\" data-element_type=\"section\" data-e-type=\"section\">\n\t\t\t\t\t\t<div class=\"elementor-container elementor-column-gap-default\">\n\t\t\t\t\t<div class=\"elementor-column elementor-col-50 elementor-inner-column elementor-element elementor-element-45fcdf5\" data-id=\"45fcdf5\" data-element_type=\"column\" data-e-type=\"column\">\n\t\t\t<div class=\"elementor-widget-wrap elementor-element-populated\">\n\t\t\t\t\t\t<div class=\"elementor-element elementor-element-d0e2984 elementor-widget elementor-widget-image\" data-id=\"d0e2984\" data-element_type=\"widget\" data-e-type=\"widget\" data-widget_type=\"image.default\">\n\t\t\t\t<div class=\"elementor-widget-container\">\n\t\t\t\t\t\t\t\t\t\t\t\t\t\t\t<img fetchpriority=\"high\" decoding=\"async\" width=\"768\" height=\"634\" src=\"https:\/\/rolomont-prozori.hr\/wp-content\/uploads\/2023\/05\/garazna-vrata-u-boji-2-768x634.jpg\" class=\"attachment-medium_large size-medium_large wp-image-12467\" alt=\"\" srcset=\"https:\/\/rolomont-prozori.hr\/wp-content\/uploads\/2023\/05\/garazna-vrata-u-boji-2-768x634.jpg 768w, https:\/\/rolomont-prozori.hr\/wp-content\/uploads\/2023\/05\/garazna-vrata-u-boji-2-300x248.jpg 300w, https:\/\/rolomont-prozori.hr\/wp-content\/uploads\/2023\/05\/garazna-vrata-u-boji-2-1024x846.jpg 1024w, https:\/\/rolomont-prozori.hr\/wp-content\/uploads\/2023\/05\/garazna-vrata-u-boji-2-600x496.jpg 600w, https:\/\/rolomont-prozori.hr\/wp-content\/uploads\/2023\/05\/garazna-vrata-u-boji-2.jpg 1116w\" sizes=\"(max-width: 768px) 100vw, 768px\" \/>\t\t\t\t\t\t\t\t\t\t\t\t\t\t\t<\/div>\n\t\t\t\t<\/div>\n\t\t\t\t\t<\/div>\n\t\t<\/div>\n\t\t\t\t<div class=\"elementor-column elementor-col-50 elementor-inner-column elementor-element elementor-element-d7675ea\" data-id=\"d7675ea\" data-element_type=\"column\" data-e-type=\"column\">\n\t\t\t<div class=\"elementor-widget-wrap elementor-element-populated\">\n\t\t\t\t\t\t<div class=\"elementor-element elementor-element-9081182 elementor-widget elementor-widget-heading\" data-id=\"9081182\" data-element_type=\"widget\" data-e-type=\"widget\" data-widget_type=\"heading.default\">\n\t\t\t\t<div class=\"elementor-widget-container\">\n\t\t\t\t\t<h2 class=\"elementor-heading-title elementor-size-default\">SEKCIJSKA GARA\u017dNA VRATA<\/h2>\t\t\t\t<\/div>\n\t\t\t\t<\/div>\n\t\t\t\t<div class=\"elementor-element elementor-element-5193502 elementor-widget__width-initial elementor-widget elementor-widget-text-editor\" data-id=\"5193502\" data-element_type=\"widget\" data-e-type=\"widget\" data-widget_type=\"text-editor.default\">\n\t\t\t\t<div class=\"elementor-widget-container\">\n\t\t\t\t\t\t\t\t\t<p><strong>Sekcijska gara\u017ena vrata<\/strong> su vrlo popularan izbor me\u0111u vlasnicima domova i komercijalnih objekata. Ona se sastoje od panela ili sekcija koje se podi\u017eu i spu\u0161taju vertikalno unutar vo\u0111ica postavljenih na bo\u010dnim stranama otvora gara\u017ee.<\/p><p>Jedna od klju\u010dnih prednosti sekcijskih gara\u017enih vrata je njihova<strong> izolacija<\/strong>. Paneli su obi\u010dno izra\u0111eni od dvostrukog \u010deli\u010dnog sloja, s poliuretanskom izolacijom izme\u0111u njih. To zna\u010di da sekcijska vrata poma\u017eu u zadr\u017eavanju topline tijekom zime i hladno\u0107e tijekom ljeta, \u010dime doprinose energetskoj u\u010dinkovitosti prostora.<\/p><p>Tako\u0111er, sekcijska gara\u017ena vrata pru\u017eaju <strong>visoku razinu sigurnosti.<\/strong> \u010celi\u010dna konstrukcija i \u010dvrsti mehanizmi \u010dine ih otpornim na provalne poku\u0161aje. Osim toga, mnoga sekcijska vrata dolaze s dodatnim sigurnosnim zna\u010dajkama poput automatskog zaklju\u010davanja, senzora za zaustavljanje u slu\u010daju prepreka i opcije ru\u010dnog zaklju\u010davanja.<\/p><p>Prakti\u010dnost je jo\u0161 jedna prednost sekcijskih gara\u017enih vrata. Budu\u0107i da se sekcije podi\u017eu vertikalno, vrata ne zauzimaju dodatan prostor unutar gara\u017ee. To omogu\u0107uje ve\u0107u iskoristivost prostora za parkiranje vozila ili pohranu drugih predmeta.<\/p><ul><li>Sekcijska gara\u017ena vrata po mjeri otvora<\/li><li>paneli 40mm punjeni pjenom<\/li><li>razne vrste boja i oblika,<\/li><li>stropni elektromotor sa 2 x daljincem<\/li><li>za\u0161tita od nailaska na prepreku<\/li><li>fingerprotect<\/li><li>pomo\u0107no svijetlo na motoru.<\/li><\/ul>\t\t\t\t\t\t\t\t<\/div>\n\t\t\t\t<\/div>\n\t\t\t\t\t<\/div>\n\t\t<\/div>\n\t\t\t\t\t<\/div>\n\t\t<\/section>\n\t\t\t\t\t<\/div>\n\t\t<\/div>\n\t\t\t\t\t<\/div>\n\t\t<\/section>\n\t\t\t\t<section class=\"elementor-section elementor-top-section elementor-element elementor-element-dd6ae20 elementor-section-boxed elementor-section-height-default elementor-section-height-default\" data-id=\"dd6ae20\" data-element_type=\"section\" data-e-type=\"section\">\n\t\t\t\t\t\t<div class=\"elementor-container elementor-column-gap-default\">\n\t\t\t\t\t<div class=\"elementor-column elementor-col-100 elementor-top-column elementor-element elementor-element-dce2beb\" data-id=\"dce2beb\" data-element_type=\"column\" data-e-type=\"column\">\n\t\t\t<div class=\"elementor-widget-wrap elementor-element-populated\">\n\t\t\t\t\t\t<div class=\"elementor-element elementor-element-4aa7c19 elementor-align-start elementor-widget__width-initial elementor-icon-list--layout-inline elementor-list-item-link-full_width elementor-widget elementor-widget-icon-list\" data-id=\"4aa7c19\" data-element_type=\"widget\" data-e-type=\"widget\" data-widget_type=\"icon-list.default\">\n\t\t\t\t<div class=\"elementor-widget-container\">\n\t\t\t\t\t\t\t<ul class=\"elementor-icon-list-items elementor-inline-items\">\n\t\t\t\t\t\t\t<li class=\"elementor-icon-list-item elementor-inline-item\">\n\t\t\t\t\t\t\t\t\t\t\t<span class=\"elementor-icon-list-icon\">\n\t\t\t\t\t\t\t<i aria-hidden=\"true\" class=\"fas fa-check-circle\"><\/i>\t\t\t\t\t\t<\/span>\n\t\t\t\t\t\t\t\t\t\t<span class=\"elementor-icon-list-text\">Energetska efikasnost<\/span>\n\t\t\t\t\t\t\t\t\t<\/li>\n\t\t\t\t\t\t\t\t<li class=\"elementor-icon-list-item elementor-inline-item\">\n\t\t\t\t\t\t\t\t\t\t\t<span class=\"elementor-icon-list-icon\">\n\t\t\t\t\t\t\t<i aria-hidden=\"true\" class=\"fas fa-check-circle\"><\/i>\t\t\t\t\t\t<\/span>\n\t\t\t\t\t\t\t\t\t\t<span class=\"elementor-icon-list-text\">Dizajn i trajnost<\/span>\n\t\t\t\t\t\t\t\t\t<\/li>\n\t\t\t\t\t\t\t\t<li class=\"elementor-icon-list-item elementor-inline-item\">\n\t\t\t\t\t\t\t\t\t\t\t<span class=\"elementor-icon-list-icon\">\n\t\t\t\t\t\t\t<i aria-hidden=\"true\" class=\"fas fa-check-circle\"><\/i>\t\t\t\t\t\t<\/span>\n\t\t\t\t\t\t\t\t\t\t<span class=\"elementor-icon-list-text\">Za\u0161tita od buke<\/span>\n\t\t\t\t\t\t\t\t\t<\/li>\n\t\t\t\t\t\t\t\t<li class=\"elementor-icon-list-item elementor-inline-item\">\n\t\t\t\t\t\t\t\t\t\t\t<span class=\"elementor-icon-list-icon\">\n\t\t\t\t\t\t\t<i aria-hidden=\"true\" class=\"fas fa-check-circle\"><\/i>\t\t\t\t\t\t<\/span>\n\t\t\t\t\t\t\t\t\t\t<span class=\"elementor-icon-list-text\">\u010cvrsto\u0107a i pouzdanost<\/span>\n\t\t\t\t\t\t\t\t\t<\/li>\n\t\t\t\t\t\t<\/ul>\n\t\t\t\t\t\t<\/div>\n\t\t\t\t<\/div>\n\t\t\t\t\t<\/div>\n\t\t<\/div>\n\t\t\t\t\t<\/div>\n\t\t<\/section>\n\t\t\t\t<\/div>\n\t\t","protected":false},"excerpt":{"rendered":"<p>SEKCIJSKA GARA\u017dNA VRATA Sekcijska gara\u017ena vrata su vrlo popularan izbor me\u0111u vlasnicima domova i komercijalnih objekata. Ona se sastoje od panela ili sekcija koje se podi\u017eu i spu\u0161taju vertikalno unutar vo\u0111ica postavljenih na bo\u010dnim stranama otvora gara\u017ee. Jedna od klju\u010dnih prednosti sekcijskih gara\u017enih vrata je njihova izolacija. Paneli su obi\u010dno izra\u0111eni od dvostrukog \u010deli\u010dnog sloja,&#8230;<\/p>\n","protected":false},"author":1,"featured_media":0,"parent":12663,"menu_order":0,"comment_status":"closed","ping_status":"closed","template":"","meta":{"om_disable_all_campaigns":false,"_monsterinsights_skip_tracking":false,"_monsterinsights_sitenote_active":false,"_monsterinsights_sitenote_note":"","_monsterinsights_sitenote_category":0,"_bas_post_transparent":"","_bas_post_title":"hide","_bas_post_layout":"fullwidth","_bas_post_sidebar_id":"","_bas_post_content_style":"unboxed","_bas_post_vertical_padding":"hide","_bas_post_feature":"hide","_bas_post_feature_position":"","_bas_post_header":false,"_bas_post_footer":false,"footnotes":""},"class_list":["post-12935","page","type-page","status-publish","hentry"],"aioseo_notices":[],"_links":{"self":[{"href":"https:\/\/rolomont-prozori.hr\/index.php?rest_route=\/wp\/v2\/pages\/12935","targetHints":{"allow":["GET"]}}],"collection":[{"href":"https:\/\/rolomont-prozori.hr\/index.php?rest_route=\/wp\/v2\/pages"}],"about":[{"href":"https:\/\/rolomont-prozori.hr\/index.php?rest_route=\/wp\/v2\/types\/page"}],"author":[{"embeddable":true,"href":"https:\/\/rolomont-prozori.hr\/index.php?rest_route=\/wp\/v2\/users\/1"}],"replies":[{"embeddable":true,"href":"https:\/\/rolomont-prozori.hr\/index.php?rest_route=%2Fwp%2Fv2%2Fcomments&post=12935"}],"version-history":[{"count":11,"href":"https:\/\/rolomont-prozori.hr\/index.php?rest_route=\/wp\/v2\/pages\/12935\/revisions"}],"predecessor-version":[{"id":12974,"href":"https:\/\/rolomont-prozori.hr\/index.php?rest_route=\/wp\/v2\/pages\/12935\/revisions\/12974"}],"up":[{"embeddable":true,"href":"https:\/\/rolomont-prozori.hr\/index.php?rest_route=\/wp\/v2\/pages\/12663"}],"wp:attachment":[{"href":"https:\/\/rolomont-prozori.hr\/index.php?rest_route=%2Fwp%2Fv2%2Fmedia&parent=12935"}],"curies":[{"name":"wp","href":"https:\/\/api.w.org\/{rel}","templated":true}]}}