{"id":2242,"date":"2021-10-25T11:40:43","date_gmt":"2021-10-25T11:40:43","guid":{"rendered":"https:\/\/wp.themedemo.org\/WCM07\/WCM070151\/?page_id=2242"},"modified":"2023-06-06T12:03:28","modified_gmt":"2023-06-06T12:03:28","slug":"o-nama","status":"publish","type":"page","link":"https:\/\/rolomont-prozori.hr\/?page_id=2242","title":{"rendered":"O nama"},"content":{"rendered":"\t\t<div data-elementor-type=\"wp-page\" data-elementor-id=\"2242\" class=\"elementor elementor-2242\">\n\t\t\t\t\t\t<div class=\"elementor-section elementor-top-section elementor-element elementor-element-739b8ce7 elementor-section-boxed elementor-section-height-default elementor-section-height-default\" data-id=\"739b8ce7\" data-element_type=\"section\" data-e-type=\"section\">\n\t\t\t\t\t\t<div class=\"elementor-container elementor-column-gap-default\">\n\t\t\t\t\t<div class=\"elementor-column elementor-col-100 elementor-top-column elementor-element elementor-element-10a9524e\" data-id=\"10a9524e\" data-element_type=\"column\" data-e-type=\"column\">\n\t\t\t<div class=\"elementor-widget-wrap elementor-element-populated\">\n\t\t\t\t\t\t<div class=\"elementor-element elementor-element-6775b925 elementor-widget elementor-widget-heading\" data-id=\"6775b925\" data-element_type=\"widget\" data-e-type=\"widget\" data-widget_type=\"heading.default\">\n\t\t\t\t<div class=\"elementor-widget-container\">\n\t\t\t\t\t<h1 class=\"elementor-heading-title elementor-size-default\">ROLOMONT D.O.O.<\/h1>\t\t\t\t<\/div>\n\t\t\t\t<\/div>\n\t\t\t\t<section class=\"elementor-section elementor-inner-section elementor-element elementor-element-798af1b6 elementor-section-boxed elementor-section-height-default elementor-section-height-default\" data-id=\"798af1b6\" data-element_type=\"section\" data-e-type=\"section\">\n\t\t\t\t\t\t<div class=\"elementor-container elementor-column-gap-default\">\n\t\t\t\t\t<div class=\"elementor-column elementor-col-50 elementor-inner-column elementor-element elementor-element-5664b54\" data-id=\"5664b54\" data-element_type=\"column\" data-e-type=\"column\">\n\t\t\t<div class=\"elementor-widget-wrap elementor-element-populated\">\n\t\t\t\t\t\t<div class=\"elementor-element elementor-element-cfcfa03 elementor-widget elementor-widget-image\" data-id=\"cfcfa03\" data-element_type=\"widget\" data-e-type=\"widget\" data-widget_type=\"image.default\">\n\t\t\t\t<div class=\"elementor-widget-container\">\n\t\t\t\t\t\t\t\t\t\t\t\t\t\t\t<img fetchpriority=\"high\" decoding=\"async\" width=\"576\" height=\"1024\" src=\"https:\/\/rolomont-prozori.hr\/wp-content\/uploads\/2023\/05\/ugradnja-pvc-stlarije-576x1024.jpg\" class=\"attachment-large size-large wp-image-12789\" alt=\"\" srcset=\"https:\/\/rolomont-prozori.hr\/wp-content\/uploads\/2023\/05\/ugradnja-pvc-stlarije-576x1024.jpg 576w, https:\/\/rolomont-prozori.hr\/wp-content\/uploads\/2023\/05\/ugradnja-pvc-stlarije-169x300.jpg 169w, https:\/\/rolomont-prozori.hr\/wp-content\/uploads\/2023\/05\/ugradnja-pvc-stlarije-768x1365.jpg 768w, https:\/\/rolomont-prozori.hr\/wp-content\/uploads\/2023\/05\/ugradnja-pvc-stlarije-864x1536.jpg 864w, https:\/\/rolomont-prozori.hr\/wp-content\/uploads\/2023\/05\/ugradnja-pvc-stlarije-600x1067.jpg 600w, https:\/\/rolomont-prozori.hr\/wp-content\/uploads\/2023\/05\/ugradnja-pvc-stlarije.jpg 1152w\" sizes=\"(max-width: 576px) 100vw, 576px\" \/>\t\t\t\t\t\t\t\t\t\t\t\t\t\t\t<\/div>\n\t\t\t\t<\/div>\n\t\t\t\t\t<\/div>\n\t\t<\/div>\n\t\t\t\t<div class=\"elementor-column elementor-col-50 elementor-inner-column elementor-element elementor-element-6fa36ec\" data-id=\"6fa36ec\" data-element_type=\"column\" data-e-type=\"column\">\n\t\t\t<div class=\"elementor-widget-wrap elementor-element-populated\">\n\t\t\t\t\t\t<div class=\"elementor-element elementor-element-62ca316 elementor-widget elementor-widget-text-editor\" data-id=\"62ca316\" data-element_type=\"widget\" data-e-type=\"widget\" data-widget_type=\"text-editor.default\">\n\t\t\t\t<div class=\"elementor-widget-container\">\n\t\t\t\t\t\t\t\t\t<div class=\"flex-1 overflow-hidden\"><div class=\"react-scroll-to-bottom--css-wserw-79elbk h-full dark:bg-gray-800\"><div class=\"react-scroll-to-bottom--css-wserw-1n7m0yu\"><div class=\"flex flex-col text-sm dark:bg-gray-800\"><div class=\"group w-full text-gray-800 dark:text-gray-100 border-b border-black\/10 dark:border-gray-900\/50 bg-gray-50 dark:bg-[#444654]\"><div class=\"flex p-4 gap-4 text-base md:gap-6 md:max-w-2xl lg:max-w-xl xl:max-w-3xl md:py-6 lg:px-0 m-auto\"><div class=\"relative flex w-[calc(100%-50px)] flex-col gap-1 md:gap-3 lg:w-[calc(100%-115px)]\"><div class=\"flex flex-grow flex-col gap-3\"><div class=\"min-h-[20px] flex flex-col items-start gap-4 whitespace-pre-wrap break-words\"><div class=\"markdown prose w-full break-words dark:prose-invert light\"><p>Dobrodo\u0161li na\u00a0 web stranicu tvrtke <strong>ROLOMONT D.O.O<\/strong> posve\u0107enu proizvodnji PVC stolarije, PVC i ALU roleta, gara\u017enim vratima, unutra\u0161njim i vanjskim sjenilima i komarnicima.<\/p><p>Sa ponosom smo prisutni na tr\u017ei\u0161tu ve\u0107\u00a0 <strong>22 godine <\/strong>kada smo po\u010deli kao mali obrt do danas kada poslujemo kao tvrtka\u00a0 pru\u017eaju\u0107i vrhunski kvalitetnu\u00a0 uslugu na\u0161im klijentima.Na\u0161a kompanija se fokusira na proizvodnju i distribuciju visokokvalitetnih proizvoda od PVC-a. Na\u0161 tim stru\u010dnjaka ima bogato iskustvo u industriji stolarije i te\u017eimo pru\u017eanju re\u0161enja koja \u0107e zadovoljiti sve potrebe na\u0161ih klijenata.\u00a0<\/p><p>Svi na\u0161i proizvodi su pa\u017eljivo dizajnirani i izra\u0111eni koriste\u0107i najkvalitetnije materijale kako bi se obezbjedila dugotrajnost, termi\u010dka izolacija i estetska privla\u010dnost.<\/p><p>Pored visoke kvalitete na\u0161ih proizvoda, posve\u0107eni smo i pru\u017eanju izuzetne usluge na\u0161im klijentima. Na\u0161 tim stru\u010dnjaka \u0107e vam pru\u017eiti sve potrebne informacije, savjete i podr\u0161ku kako biste donijeli najbolje odluke za va\u0161 dom ili poslovni prostor. Na\u0161 cilj je da va\u0161e iskustvo bude bezbri\u017eno i zadovoljavaju\u0107e, te se trudimo da pru\u017eimo vrhunsku uslugu i ispunimo sve va\u0161e zahtjeve.<\/p><p>Vjerujemo\u00a0 u va\u017enost kvalitete, pouzdanosti i dugoro\u010dnih odnosa sa na\u0161im klijentima. Na\u0161a strast prema stolariji i posve\u0107enost vrhunskoj izradi proizvoda \u010dini nas pouzdanim izborom za sve va\u0161e potrebe.<\/p><p><em><strong>\u00a0 \u00a0 \u00a0 \u00a0 \u00a0 \u00a0 \u00a0 PVC STOLARIJA- Pravi izbor za udobnost i stil!<\/strong><\/em><\/p><\/div><\/div><\/div><\/div><\/div><\/div><\/div><\/div><\/div><\/div><div class=\"absolute bottom-0 left-0 w-full border-t md:border-t-0 dark:border-white\/20 md:border-transparent md:dark:border-transparent md:bg-vert-light-gradient bg-white dark:bg-gray-800 md:!bg-transparent dark:md:bg-vert-dark-gradient pt-2\"><form class=\"stretch mx-2 flex flex-row gap-3 last:mb-2 md:mx-4 md:last:mb-6 lg:mx-auto lg:max-w-2xl xl:max-w-3xl\"><div class=\"relative flex h-full flex-1 items-stretch md:flex-col\"><div class=\"\"><div class=\"h-full flex ml-1 md:w-full md:m-auto md:mb-2 gap-0 md:gap-2 justify-center\">\u00a0<\/div><\/div><\/div><\/form><\/div>\t\t\t\t\t\t\t\t<\/div>\n\t\t\t\t<\/div>\n\t\t\t\t\t<\/div>\n\t\t<\/div>\n\t\t\t\t\t<\/div>\n\t\t<\/section>\n\t\t\t\t\t<\/div>\n\t\t<\/div>\n\t\t\t\t\t<\/div>\n\t\t<\/div>\n\t\t\t\t<\/div>\n\t\t","protected":false},"excerpt":{"rendered":"<p>ROLOMONT D.O.O. Dobrodo\u0161li na\u00a0 web stranicu tvrtke ROLOMONT D.O.O posve\u0107enu proizvodnji PVC stolarije, PVC i ALU roleta, gara\u017enim vratima, unutra\u0161njim i vanjskim sjenilima i komarnicima. Sa ponosom smo prisutni na tr\u017ei\u0161tu ve\u0107\u00a0 22 godine kada smo po\u010deli kao mali obrt do danas kada poslujemo kao tvrtka\u00a0 pru\u017eaju\u0107i vrhunski kvalitetnu\u00a0 uslugu na\u0161im klijentima.Na\u0161a kompanija se fokusira&#8230;<\/p>\n","protected":false},"author":1,"featured_media":0,"parent":0,"menu_order":0,"comment_status":"closed","ping_status":"closed","template":"","meta":{"om_disable_all_campaigns":false,"_monsterinsights_skip_tracking":false,"_monsterinsights_sitenote_active":false,"_monsterinsights_sitenote_note":"","_monsterinsights_sitenote_category":0,"_bas_post_transparent":"","_bas_post_title":"","_bas_post_layout":"","_bas_post_sidebar_id":"","_bas_post_content_style":"","_bas_post_vertical_padding":"","_bas_post_feature":"","_bas_post_feature_position":"","_bas_post_header":false,"_bas_post_footer":false,"footnotes":""},"class_list":["post-2242","page","type-page","status-publish","hentry"],"aioseo_notices":[],"_links":{"self":[{"href":"https:\/\/rolomont-prozori.hr\/index.php?rest_route=\/wp\/v2\/pages\/2242","targetHints":{"allow":["GET"]}}],"collection":[{"href":"https:\/\/rolomont-prozori.hr\/index.php?rest_route=\/wp\/v2\/pages"}],"about":[{"href":"https:\/\/rolomont-prozori.hr\/index.php?rest_route=\/wp\/v2\/types\/page"}],"author":[{"embeddable":true,"href":"https:\/\/rolomont-prozori.hr\/index.php?rest_route=\/wp\/v2\/users\/1"}],"replies":[{"embeddable":true,"href":"https:\/\/rolomont-prozori.hr\/index.php?rest_route=%2Fwp%2Fv2%2Fcomments&post=2242"}],"version-history":[{"count":18,"href":"https:\/\/rolomont-prozori.hr\/index.php?rest_route=\/wp\/v2\/pages\/2242\/revisions"}],"predecessor-version":[{"id":13036,"href":"https:\/\/rolomont-prozori.hr\/index.php?rest_route=\/wp\/v2\/pages\/2242\/revisions\/13036"}],"wp:attachment":[{"href":"https:\/\/rolomont-prozori.hr\/index.php?rest_route=%2Fwp%2Fv2%2Fmedia&parent=2242"}],"curies":[{"name":"wp","href":"https:\/\/api.w.org\/{rel}","templated":true}]}}