{"id":5,"date":"2021-11-23T11:34:14","date_gmt":"2021-11-23T11:34:14","guid":{"rendered":"https:\/\/wp.themedemo.org\/WCM07\/WCM070159\/WP1\/?page_id=5"},"modified":"2026-02-13T10:29:29","modified_gmt":"2026-02-13T10:29:29","slug":"naslovnica","status":"publish","type":"page","link":"https:\/\/rolomont-prozori.hr\/","title":{"rendered":"Naslovnica"},"content":{"rendered":"\t\t<div data-elementor-type=\"wp-page\" data-elementor-id=\"5\" class=\"elementor elementor-5\">\n\t\t\t\t\t\t<div class=\"elementor-section elementor-top-section elementor-element elementor-element-6e81f73 elementor-section-full_width elementor-section-height-default elementor-section-height-default\" data-id=\"6e81f73\" data-element_type=\"section\" data-e-type=\"section\">\n\t\t\t\t\t\t<div class=\"elementor-container elementor-column-gap-default\">\n\t\t\t\t\t<div class=\"elementor-column elementor-col-100 elementor-top-column elementor-element elementor-element-4d2257c\" data-id=\"4d2257c\" data-element_type=\"column\" data-e-type=\"column\">\n\t\t\t<div class=\"elementor-widget-wrap elementor-element-populated\">\n\t\t\t\t\t\t<div class=\"elementor-element elementor-element-03cfce0 elementor-widget elementor-widget-slider_revolution\" data-id=\"03cfce0\" data-element_type=\"widget\" data-e-type=\"widget\" data-widget_type=\"slider_revolution.default\">\n\t\t\t\t<div class=\"elementor-widget-container\">\n\t\t\t\t\t\n\t\t<div class=\"wp-block-themepunch-revslider\">\n\t\t\t<!-- START castles_slider REVOLUTION SLIDER 6.6.11 --><p class=\"rs-p-wp-fix\"><\/p>\n\t\t\t<rs-module-wrap id=\"rev_slider_1_1_wrapper\" data-source=\"gallery\" style=\"visibility:hidden;background:#121212;padding:0;margin:0px auto;margin-top:0;margin-bottom:0;\">\n\t\t\t\t<rs-module id=\"rev_slider_1_1\" style=\"\" data-version=\"6.6.11\">\n\t\t\t\t\t<rs-slides style=\"overflow: hidden; position: absolute;\">\n\t\t\t\t\t\t<rs-slide style=\"position: absolute;\" data-key=\"rs-1\" data-title=\"main banner1\" data-thumb=\"\/\/rolomont-prozori.hr\/wp-content\/uploads\/2022\/10\/main-banner-1-100x50.jpg\" data-anim=\"ms:1500;f:nodelay;o:outin;\" data-in=\"prst:rndeffects;x:(-10%);y:(15%);r:20;sx:0.7;sy:0.7;e:power2.out;\" data-out=\"x:cyc(-90%|170%);y:cyc((60%)|(130%));r:cyc((-30)|(60));sx:1.2;sy:1.3;col:2;\">\n\t\t\t\t\t\t\t<img fetchpriority=\"high\" decoding=\"async\" src=\"\/\/rolomont-prozori.hr\/wp-content\/plugins\/revslider\/public\/assets\/assets\/dummy.png\" alt=\"\" title=\"main-banner-1\" width=\"1903\" height=\"820\" class=\"rev-slidebg tp-rs-img rs-lazyload\" data-lazyload=\"\/\/rolomont-prozori.hr\/wp-content\/uploads\/2022\/10\/main-banner-1.jpg\" data-no-retina>\n<!--\n\t\t\t\t\t\t\t--><rs-layer\n\t\t\t\t\t\t\t\tid=\"slider-1-slide-1-layer-1\" \n\t\t\t\t\t\t\t\tdata-type=\"text\"\n\t\t\t\t\t\t\t\tdata-rsp_ch=\"on\"\n\t\t\t\t\t\t\t\tdata-xy=\"x:c;xo:-7px,-3px,-2px,-1px;yo:172px,190px,150px,110px;\"\n\t\t\t\t\t\t\t\tdata-text=\"w:normal;s:101,70,60,37;l:106,75,65,40;fw:700;a:center;\"\n\t\t\t\t\t\t\t\tdata-dim=\"w:834,448,340,210;\"\n\t\t\t\t\t\t\t\tdata-frame_999=\"o:0;st:w;\"\n\t\t\t\t\t\t\t\tstyle=\"z-index:11;font-family:'Magra';\"\n\t\t\t\t\t\t\t>Udobnost , sigurnost  i ljepota <br \/>\nva\u0161eg doma \n\t\t\t\t\t\t\t<\/rs-layer><!--\n-->\t\t\t\t\t\t<\/rs-slide>\n\t\t\t\t\t\t<rs-slide style=\"position: absolute;\" data-key=\"rs-2\" data-title=\"main banner2\" data-thumb=\"\/\/rolomont-prozori.hr\/wp-content\/uploads\/revslider\/castles_slider\/main-banner-2-100x50.jpg\" data-anim=\"d:40;ms:1200;f:random;\" data-in=\"prst:rndeffects;o:0;x:ran(-10|100);y:ran(-50|50);r:cyc((180)|(-180)|(90)|(-90)|(270)|(-270));sx:5;sy:5;e:power2.out;row:30;col:30;\" data-out=\"o:0;x:ran(-50|50);y:ran(-50|50);r:cyc((-180)|(180)|(-90)|(90)|(-270)|(270));sx:6;sy:6;e:power2.in;row:30;col:30;\" data-d3=\"f:cube;d:vertical;z:450;t:-20;e:back.out;su:true;sma:1;\">\n\t\t\t\t\t\t\t<img decoding=\"async\" src=\"\/\/rolomont-prozori.hr\/wp-content\/plugins\/revslider\/public\/assets\/assets\/dummy.png\" alt=\"\" title=\"main-banner-2.jpg\" width=\"1903\" height=\"820\" class=\"rev-slidebg tp-rs-img rs-lazyload\" data-lazyload=\"\/\/rolomont-prozori.hr\/wp-content\/uploads\/revslider\/castles_slider\/main-banner-2.jpg\" data-no-retina>\n<!--\n\t\t\t\t\t\t\t--><rs-layer\n\t\t\t\t\t\t\t\tid=\"slider-1-slide-2-layer-0\" \n\t\t\t\t\t\t\t\tdata-type=\"text\"\n\t\t\t\t\t\t\t\tdata-rsp_ch=\"on\"\n\t\t\t\t\t\t\t\tdata-xy=\"x:c;yo:237px,190px,150px,110px;\"\n\t\t\t\t\t\t\t\tdata-text=\"w:normal;s:100,70,60,37;l:105,75,65,40;ls:1px,0px,0px,0px;fw:700;a:center;\"\n\t\t\t\t\t\t\t\tdata-frame_999=\"o:0;st:w;\"\n\t\t\t\t\t\t\t\tstyle=\"z-index:8;font-family:'Magra';text-transform:capitalize;\"\n\t\t\t\t\t\t\t>Energetsko u\u010dinkoviti <br \/>\nprozori i vrata \n\t\t\t\t\t\t\t<\/rs-layer><!--\n-->\t\t\t\t\t\t<\/rs-slide>\n\t\t\t\t\t\t<rs-slide style=\"position: absolute;\" data-key=\"rs-3\" data-title=\"Slide\" data-in=\"o:0;\" data-out=\"a:false;\">\n\t\t\t\t\t\t\t<img decoding=\"async\" src=\"\/\/rolomont-prozori.hr\/wp-content\/plugins\/revslider\/public\/assets\/assets\/dummy.png\" alt=\"Slide\" title=\"Naslovnica\" class=\"rev-slidebg tp-rs-img rs-lazyload\" data-lazyload=\"\/\/rolomont-prozori.hr\/wp-content\/plugins\/revslider\/public\/assets\/assets\/transparent.png\" data-no-retina>\n<!---->\t\t\t\t\t\t<\/rs-slide>\n\t\t\t\t\t<\/rs-slides>\n\t\t\t\t\t<rs-static-layers><!--\n\t\t\t\t\t--><\/rs-static-layers>\n\t\t\t\t<\/rs-module>\n\t\t\t\t<script>\n\t\t\t\t\tsetREVStartSize({c: 'rev_slider_1_1',rl:[1240,1024,778,480],el:[820,650,550,400],gw:[1903,1023,777,480],gh:[820,650,550,400],type:'standard',justify:'',layout:'fullwidth',mh:\"0\"});if (window.RS_MODULES!==undefined && window.RS_MODULES.modules!==undefined && window.RS_MODULES.modules[\"revslider11\"]!==undefined) {window.RS_MODULES.modules[\"revslider11\"].once = false;window.revapi1 = undefined;if (window.RS_MODULES.checkMinimal!==undefined) window.RS_MODULES.checkMinimal()}\n\t\t\t\t<\/script>\n\t\t\t<\/rs-module-wrap>\n\t\t\t<!-- END REVOLUTION SLIDER -->\n<\/div>\n\n\t\t\t\t\t\t<\/div>\n\t\t\t\t<\/div>\n\t\t\t\t\t<\/div>\n\t\t<\/div>\n\t\t\t\t\t<\/div>\n\t\t<\/div>\n\t\t\t\t<div class=\"elementor-section elementor-top-section elementor-element elementor-element-e413449 elementor-section-stretched elementor-section-boxed elementor-section-height-default elementor-section-height-default\" data-id=\"e413449\" data-element_type=\"section\" data-e-type=\"section\" data-settings=\"{&quot;stretch_section&quot;:&quot;section-stretched&quot;}\">\n\t\t\t\t\t\t<div class=\"elementor-container elementor-column-gap-default\">\n\t\t\t\t\t<div class=\"elementor-column elementor-col-100 elementor-top-column elementor-element elementor-element-db17c07 elementor-invisible\" data-id=\"db17c07\" data-element_type=\"column\" data-e-type=\"column\" data-settings=\"{&quot;animation&quot;:&quot;fadeInDown&quot;}\">\n\t\t\t<div class=\"elementor-widget-wrap\">\n\t\t\t\t\t\t\t<\/div>\n\t\t<\/div>\n\t\t\t\t\t<\/div>\n\t\t<\/div>\n\t\t\t\t<div class=\"elementor-section elementor-top-section elementor-element elementor-element-791266b elementor-section-stretched elementor-section-boxed elementor-section-height-default elementor-section-height-default\" data-id=\"791266b\" data-element_type=\"section\" data-e-type=\"section\" data-settings=\"{&quot;stretch_section&quot;:&quot;section-stretched&quot;,&quot;background_background&quot;:&quot;classic&quot;}\">\n\t\t\t\t\t\t<div class=\"elementor-container elementor-column-gap-default\">\n\t\t\t\t\t<div class=\"elementor-column elementor-col-100 elementor-top-column elementor-element elementor-element-30bc4d1\" data-id=\"30bc4d1\" data-element_type=\"column\" data-e-type=\"column\">\n\t\t\t<div class=\"elementor-widget-wrap elementor-element-populated\">\n\t\t\t\t\t\t<div class=\"elementor-element elementor-element-8499497 elementor-widget elementor-widget-heading\" data-id=\"8499497\" data-element_type=\"widget\" data-e-type=\"widget\" data-widget_type=\"heading.default\">\n\t\t\t\t<div class=\"elementor-widget-container\">\n\t\t\t\t\t<h1 class=\"elementor-heading-title elementor-size-default\">Na\u0161a ponuda<\/h1>\t\t\t\t<\/div>\n\t\t\t\t<\/div>\n\t\t\t\t<section class=\"elementor-section elementor-inner-section elementor-element elementor-element-60de576 service-cms elementor-section-boxed elementor-section-height-default elementor-section-height-default\" data-id=\"60de576\" data-element_type=\"section\" data-e-type=\"section\">\n\t\t\t\t\t\t<div class=\"elementor-container elementor-column-gap-default\">\n\t\t\t\t\t<div class=\"elementor-column elementor-col-25 elementor-inner-column elementor-element elementor-element-617e939\" data-id=\"617e939\" data-element_type=\"column\" data-e-type=\"column\">\n\t\t\t<div class=\"elementor-widget-wrap elementor-element-populated\">\n\t\t\t\t\t\t<div class=\"elementor-element elementor-element-2bcd222 about-img elementor-widget__width-initial elementor-widget elementor-widget-image\" data-id=\"2bcd222\" data-element_type=\"widget\" data-e-type=\"widget\" data-widget_type=\"image.default\">\n\t\t\t\t<div class=\"elementor-widget-container\">\n\t\t\t\t\t\t\t\t\t\t\t\t\t\t\t<img decoding=\"async\" src=\"https:\/\/rolomont-prozori.hr\/wp-content\/uploads\/2023\/05\/Gealan-8000-profilmetszet-300x300.jpg\" title=\"Gealan-8000-profilmetszet\" alt=\"Gealan S 8000\" class=\"elementor-animation-bob\" loading=\"lazy\" \/>\t\t\t\t\t\t\t\t\t\t\t\t\t\t\t<\/div>\n\t\t\t\t<\/div>\n\t\t\t\t<div class=\"elementor-element elementor-element-3ac921e service-cms elementor-position-top elementor-widget elementor-widget-image-box\" data-id=\"3ac921e\" data-element_type=\"widget\" data-e-type=\"widget\" data-widget_type=\"image-box.default\">\n\t\t\t\t<div class=\"elementor-widget-container\">\n\t\t\t\t\t<div class=\"elementor-image-box-wrapper\"><figure class=\"elementor-image-box-img\"><a href=\"https:\/\/rolomont-prozori.hr\/?page_id=10061\" tabindex=\"-1\"><img decoding=\"async\" width=\"100\" height=\"100\" src=\"https:\/\/rolomont-prozori.hr\/wp-content\/uploads\/2022\/09\/premium04.png\" class=\"attachment-full size-full wp-image-11427\" alt=\"\" \/><\/a><\/figure><div class=\"elementor-image-box-content\"><h5 class=\"elementor-image-box-title\"><a href=\"https:\/\/rolomont-prozori.hr\/?page_id=10061\">PVC Stolarija<\/a><\/h5><p class=\"elementor-image-box-description\">Jedna od najzna\u010dajnijih prednosti PVC stolarije je njena termi\u010dka izolacija. \n\nPVC prozori i vrata imaju izvanredne karakteristike koje poma\u017eu u zadr\u017eavanju toplote tokom zimskih mjeseci i spre\u010davaju prodor hladno\u0107e u va\u0161 dom. <\/p><\/div><\/div>\t\t\t\t<\/div>\n\t\t\t\t<\/div>\n\t\t\t\t\t<\/div>\n\t\t<\/div>\n\t\t\t\t<div class=\"elementor-column elementor-col-25 elementor-inner-column elementor-element elementor-element-c445a0d\" data-id=\"c445a0d\" data-element_type=\"column\" data-e-type=\"column\">\n\t\t\t<div class=\"elementor-widget-wrap elementor-element-populated\">\n\t\t\t\t\t\t<div class=\"elementor-element elementor-element-9a08ab8 about-img elementor-widget elementor-widget-image\" data-id=\"9a08ab8\" data-element_type=\"widget\" data-e-type=\"widget\" data-widget_type=\"image.default\">\n\t\t\t\t<div class=\"elementor-widget-container\">\n\t\t\t\t\t\t\t\t\t\t\t\t\t\t\t<img loading=\"lazy\" decoding=\"async\" width=\"1600\" height=\"1200\" src=\"https:\/\/rolomont-prozori.hr\/wp-content\/uploads\/2023\/05\/pvc-prozor.jpg\" class=\"elementor-animation-bob attachment-full size-full wp-image-12280\" alt=\"\" srcset=\"https:\/\/rolomont-prozori.hr\/wp-content\/uploads\/2023\/05\/pvc-prozor.jpg 1600w, https:\/\/rolomont-prozori.hr\/wp-content\/uploads\/2023\/05\/pvc-prozor-300x225.jpg 300w, https:\/\/rolomont-prozori.hr\/wp-content\/uploads\/2023\/05\/pvc-prozor-1024x768.jpg 1024w, https:\/\/rolomont-prozori.hr\/wp-content\/uploads\/2023\/05\/pvc-prozor-768x576.jpg 768w, https:\/\/rolomont-prozori.hr\/wp-content\/uploads\/2023\/05\/pvc-prozor-1536x1152.jpg 1536w, https:\/\/rolomont-prozori.hr\/wp-content\/uploads\/2023\/05\/pvc-prozor-600x450.jpg 600w\" sizes=\"(max-width: 1600px) 100vw, 1600px\" \/>\t\t\t\t\t\t\t\t\t\t\t\t\t\t\t<\/div>\n\t\t\t\t<\/div>\n\t\t\t\t<div class=\"elementor-element elementor-element-2671e00 elementor-position-top elementor-widget elementor-widget-image-box\" data-id=\"2671e00\" data-element_type=\"widget\" data-e-type=\"widget\" data-widget_type=\"image-box.default\">\n\t\t\t\t<div class=\"elementor-widget-container\">\n\t\t\t\t\t<div class=\"elementor-image-box-wrapper\"><figure class=\"elementor-image-box-img\"><a href=\"https:\/\/rolomont-prozori.hr\/?page_id=12650\" tabindex=\"-1\"><img loading=\"lazy\" decoding=\"async\" width=\"100\" height=\"100\" src=\"https:\/\/rolomont-prozori.hr\/wp-content\/uploads\/2022\/09\/premium03.png\" class=\"attachment-full size-full wp-image-11426\" alt=\"\" \/><\/a><\/figure><div class=\"elementor-image-box-content\"><h5 class=\"elementor-image-box-title\"><a href=\"https:\/\/rolomont-prozori.hr\/?page_id=12650\">ALU I PVC rolete<\/a><\/h5><p class=\"elementor-image-box-description\">PVC i aluminijske  rolete pru\u017eaju dodatnu sigurnost za va\u0161 dom. Ove rolete su \u010dvrste i otporne na provalne poku\u0161aje, \u010dime se pove\u0107ava nivo sigurnosti, pru\u017eaju\u0107i vam potpunu kontrolu nad osvjetljenjem i privatno\u0161\u0107u.<\/p><\/div><\/div>\t\t\t\t<\/div>\n\t\t\t\t<\/div>\n\t\t\t\t\t<\/div>\n\t\t<\/div>\n\t\t\t\t<div class=\"elementor-column elementor-col-25 elementor-inner-column elementor-element elementor-element-6ddf34c\" data-id=\"6ddf34c\" data-element_type=\"column\" data-e-type=\"column\">\n\t\t\t<div class=\"elementor-widget-wrap elementor-element-populated\">\n\t\t\t\t\t\t<div class=\"elementor-element elementor-element-c8fdfb9 about-img elementor-widget elementor-widget-image\" data-id=\"c8fdfb9\" data-element_type=\"widget\" data-e-type=\"widget\" data-widget_type=\"image.default\">\n\t\t\t\t<div class=\"elementor-widget-container\">\n\t\t\t\t\t\t\t\t\t\t\t\t\t\t\t<img loading=\"lazy\" decoding=\"async\" width=\"1000\" height=\"750\" src=\"https:\/\/rolomont-prozori.hr\/wp-content\/uploads\/2023\/05\/tende-2.jpg\" class=\"elementor-animation-bob attachment-full size-full wp-image-12438\" alt=\"\" srcset=\"https:\/\/rolomont-prozori.hr\/wp-content\/uploads\/2023\/05\/tende-2.jpg 1000w, https:\/\/rolomont-prozori.hr\/wp-content\/uploads\/2023\/05\/tende-2-300x225.jpg 300w, https:\/\/rolomont-prozori.hr\/wp-content\/uploads\/2023\/05\/tende-2-768x576.jpg 768w, https:\/\/rolomont-prozori.hr\/wp-content\/uploads\/2023\/05\/tende-2-600x450.jpg 600w\" sizes=\"(max-width: 1000px) 100vw, 1000px\" \/>\t\t\t\t\t\t\t\t\t\t\t\t\t\t\t<\/div>\n\t\t\t\t<\/div>\n\t\t\t\t<div class=\"elementor-element elementor-element-5474508 elementor-position-top elementor-widget elementor-widget-image-box\" data-id=\"5474508\" data-element_type=\"widget\" data-e-type=\"widget\" data-widget_type=\"image-box.default\">\n\t\t\t\t<div class=\"elementor-widget-container\">\n\t\t\t\t\t<div class=\"elementor-image-box-wrapper\"><figure class=\"elementor-image-box-img\"><a href=\"https:\/\/rolomont-prozori.hr\/?page_id=12653\" tabindex=\"-1\"><img loading=\"lazy\" decoding=\"async\" width=\"100\" height=\"100\" src=\"https:\/\/rolomont-prozori.hr\/wp-content\/uploads\/2022\/09\/premium01.png\" class=\"attachment-full size-full wp-image-11424\" alt=\"\" \/><\/a><\/figure><div class=\"elementor-image-box-content\"><h5 class=\"elementor-image-box-title\"><a href=\"https:\/\/rolomont-prozori.hr\/?page_id=12653\"> Sjenila i za\u0161tita <\/a><\/h5><p class=\"elementor-image-box-description\">Sjenila ili tende su popularni dodaci koji se koriste na otvorenim prostorima poput terasa, vrtnih prostora ili balkona kako bi se pru\u017eila za\u0161tita od sunca i stvorila ugodna hladovina. <\/p><\/div><\/div>\t\t\t\t<\/div>\n\t\t\t\t<\/div>\n\t\t\t\t\t<\/div>\n\t\t<\/div>\n\t\t\t\t<div class=\"elementor-column elementor-col-25 elementor-inner-column elementor-element elementor-element-c7f9c74\" data-id=\"c7f9c74\" data-element_type=\"column\" data-e-type=\"column\">\n\t\t\t<div class=\"elementor-widget-wrap elementor-element-populated\">\n\t\t\t\t\t\t<div class=\"elementor-element elementor-element-4536773 about-img elementor-widget elementor-widget-image\" data-id=\"4536773\" data-element_type=\"widget\" data-e-type=\"widget\" data-widget_type=\"image.default\">\n\t\t\t\t<div class=\"elementor-widget-container\">\n\t\t\t\t\t\t\t\t\t\t\t\t\t\t\t<img loading=\"lazy\" decoding=\"async\" width=\"1116\" height=\"922\" src=\"https:\/\/rolomont-prozori.hr\/wp-content\/uploads\/2023\/05\/garazna-vrata-u-boji-2.jpg\" class=\"elementor-animation-bob attachment-full size-full wp-image-12467\" alt=\"\" srcset=\"https:\/\/rolomont-prozori.hr\/wp-content\/uploads\/2023\/05\/garazna-vrata-u-boji-2.jpg 1116w, https:\/\/rolomont-prozori.hr\/wp-content\/uploads\/2023\/05\/garazna-vrata-u-boji-2-300x248.jpg 300w, https:\/\/rolomont-prozori.hr\/wp-content\/uploads\/2023\/05\/garazna-vrata-u-boji-2-1024x846.jpg 1024w, https:\/\/rolomont-prozori.hr\/wp-content\/uploads\/2023\/05\/garazna-vrata-u-boji-2-768x634.jpg 768w, https:\/\/rolomont-prozori.hr\/wp-content\/uploads\/2023\/05\/garazna-vrata-u-boji-2-600x496.jpg 600w\" sizes=\"(max-width: 1116px) 100vw, 1116px\" \/>\t\t\t\t\t\t\t\t\t\t\t\t\t\t\t<\/div>\n\t\t\t\t<\/div>\n\t\t\t\t<div class=\"elementor-element elementor-element-4f67e59 elementor-position-top elementor-widget elementor-widget-image-box\" data-id=\"4f67e59\" data-element_type=\"widget\" data-e-type=\"widget\" data-widget_type=\"image-box.default\">\n\t\t\t\t<div class=\"elementor-widget-container\">\n\t\t\t\t\t<div class=\"elementor-image-box-wrapper\"><figure class=\"elementor-image-box-img\"><a href=\"https:\/\/rolomont-prozori.hr\/?page_id=12663\" tabindex=\"-1\"><img loading=\"lazy\" decoding=\"async\" width=\"100\" height=\"100\" src=\"https:\/\/rolomont-prozori.hr\/wp-content\/uploads\/2022\/09\/premium02.png\" class=\"attachment-full size-full wp-image-11425\" alt=\"\" \/><\/a><\/figure><div class=\"elementor-image-box-content\"><h5 class=\"elementor-image-box-title\"><a href=\"https:\/\/rolomont-prozori.hr\/?page_id=12663\"> Gara\u017ena vrata<\/a><\/h5><p class=\"elementor-image-box-description\">Gara\u017ena vrata  pru\u017eaju odli\u010dnu termi\u010dku izolaciju. Zahvaljuju\u0107i svojoj strukturi  vrata spre\u010davaju prodor topline ili hladno\u0107e u va\u0161u gara\u017eu. Otporna su na koroziju, truljenje i deformaciju, osiguravaju dugovje\u010dnost i minimalno odr\u017eavanje.<\/p><\/div><\/div>\t\t\t\t<\/div>\n\t\t\t\t<\/div>\n\t\t\t\t\t<\/div>\n\t\t<\/div>\n\t\t\t\t\t<\/div>\n\t\t<\/section>\n\t\t\t\t<div class=\"elementor-element elementor-element-81d8f0d elementor-align-center elementor-widget elementor-widget-button\" data-id=\"81d8f0d\" data-element_type=\"widget\" data-e-type=\"widget\" data-widget_type=\"button.default\">\n\t\t\t\t<div class=\"elementor-widget-container\">\n\t\t\t\t\t\t\t\t\t<div class=\"elementor-button-wrapper\">\n\t\t\t\t\t<a class=\"elementor-button elementor-button-link elementor-size-md\" href=\"https:\/\/rolomont-prozori.hr\/?page_id=10061\">\n\t\t\t\t\t\t<span class=\"elementor-button-content-wrapper\">\n\t\t\t\t\t\t\t\t\t<span class=\"elementor-button-text\">SAZNAJ VI\u0160E<\/span>\n\t\t\t\t\t<\/span>\n\t\t\t\t\t<\/a>\n\t\t\t\t<\/div>\n\t\t\t\t\t\t\t\t<\/div>\n\t\t\t\t<\/div>\n\t\t\t\t\t<\/div>\n\t\t<\/div>\n\t\t\t\t\t<\/div>\n\t\t<\/div>\n\t\t\t\t<\/div>\n\t\t","protected":false},"excerpt":{"rendered":"<p>Na\u0161a ponuda PVC Stolarija Jedna od najzna\u010dajnijih prednosti PVC stolarije je njena termi\u010dka izolacija. PVC prozori i vrata imaju izvanredne karakteristike koje poma\u017eu u zadr\u017eavanju toplote tokom zimskih mjeseci i spre\u010davaju prodor hladno\u0107e u va\u0161 dom. ALU I PVC rolete PVC i aluminijske rolete pru\u017eaju dodatnu sigurnost za va\u0161 dom. Ove rolete su \u010dvrste i&#8230;<\/p>\n","protected":false},"author":1,"featured_media":0,"parent":0,"menu_order":0,"comment_status":"closed","ping_status":"closed","template":"","meta":{"om_disable_all_campaigns":false,"_monsterinsights_skip_tracking":false,"_monsterinsights_sitenote_active":false,"_monsterinsights_sitenote_note":"","_monsterinsights_sitenote_category":0,"_bas_post_transparent":"","_bas_post_title":"hide","_bas_post_layout":"default","_bas_post_sidebar_id":"","_bas_post_content_style":"","_bas_post_vertical_padding":"hide","_bas_post_feature":"","_bas_post_feature_position":"","_bas_post_header":false,"_bas_post_footer":false,"footnotes":""},"class_list":["post-5","page","type-page","status-publish","hentry"],"aioseo_notices":[],"_links":{"self":[{"href":"https:\/\/rolomont-prozori.hr\/index.php?rest_route=\/wp\/v2\/pages\/5","targetHints":{"allow":["GET"]}}],"collection":[{"href":"https:\/\/rolomont-prozori.hr\/index.php?rest_route=\/wp\/v2\/pages"}],"about":[{"href":"https:\/\/rolomont-prozori.hr\/index.php?rest_route=\/wp\/v2\/types\/page"}],"author":[{"embeddable":true,"href":"https:\/\/rolomont-prozori.hr\/index.php?rest_route=\/wp\/v2\/users\/1"}],"replies":[{"embeddable":true,"href":"https:\/\/rolomont-prozori.hr\/index.php?rest_route=%2Fwp%2Fv2%2Fcomments&post=5"}],"version-history":[{"count":77,"href":"https:\/\/rolomont-prozori.hr\/index.php?rest_route=\/wp\/v2\/pages\/5\/revisions"}],"predecessor-version":[{"id":13058,"href":"https:\/\/rolomont-prozori.hr\/index.php?rest_route=\/wp\/v2\/pages\/5\/revisions\/13058"}],"wp:attachment":[{"href":"https:\/\/rolomont-prozori.hr\/index.php?rest_route=%2Fwp%2Fv2%2Fmedia&parent=5"}],"curies":[{"name":"wp","href":"https:\/\/api.w.org\/{rel}","templated":true}]}}