{"id":5269,"date":"2022-01-31T10:40:42","date_gmt":"2022-01-31T10:40:42","guid":{"rendered":"https:\/\/wp.themedemo.org\/WCM07\/WCM070159\/WP1\/?page_id=5269"},"modified":"2023-06-06T08:27:25","modified_gmt":"2023-06-06T08:27:25","slug":"galerija","status":"publish","type":"page","link":"https:\/\/rolomont-prozori.hr\/?page_id=5269","title":{"rendered":"Galerija"},"content":{"rendered":"\t\t<div data-elementor-type=\"wp-page\" data-elementor-id=\"5269\" class=\"elementor elementor-5269\">\n\t\t\t\t\t\t<div class=\"elementor-section elementor-top-section elementor-element elementor-element-10d4bdb elementor-section-boxed elementor-section-height-default elementor-section-height-default\" data-id=\"10d4bdb\" data-element_type=\"section\" data-e-type=\"section\">\n\t\t\t\t\t\t<div class=\"elementor-container elementor-column-gap-default\">\n\t\t\t\t\t<div class=\"elementor-column elementor-col-100 elementor-top-column elementor-element elementor-element-235f65d\" data-id=\"235f65d\" data-element_type=\"column\" data-e-type=\"column\">\n\t\t\t<div class=\"elementor-widget-wrap elementor-element-populated\">\n\t\t\t\t\t\t<div class=\"elementor-section elementor-inner-section elementor-element elementor-element-f7b52f7 elementor-section-boxed elementor-section-height-default elementor-section-height-default\" data-id=\"f7b52f7\" data-element_type=\"section\" data-e-type=\"section\">\n\t\t\t\t\t\t<div class=\"elementor-container elementor-column-gap-default\">\n\t\t\t\t\t<div class=\"elementor-column elementor-col-100 elementor-inner-column elementor-element elementor-element-18c4b31\" data-id=\"18c4b31\" data-element_type=\"column\" data-e-type=\"column\">\n\t\t\t<div class=\"elementor-widget-wrap elementor-element-populated\">\n\t\t\t\t\t\t<div class=\"elementor-element elementor-element-f2a5ab2 elementor-widget elementor-widget-heading\" data-id=\"f2a5ab2\" data-element_type=\"widget\" data-e-type=\"widget\" data-widget_type=\"heading.default\">\n\t\t\t\t<div class=\"elementor-widget-container\">\n\t\t\t\t\t<h1 class=\"elementor-heading-title elementor-size-default\">Galerija <\/h1>\t\t\t\t<\/div>\n\t\t\t\t<\/div>\n\t\t\t\t\t<\/div>\n\t\t<\/div>\n\t\t\t\t\t<\/div>\n\t\t<\/div>\n\t\t\t\t<div class=\"elementor-element elementor-element-c3eef6f gallery-spacing-custom elementor-widget elementor-widget-image-gallery\" data-id=\"c3eef6f\" data-element_type=\"widget\" data-e-type=\"widget\" data-widget_type=\"image-gallery.default\">\n\t\t\t\t<div class=\"elementor-widget-container\">\n\t\t\t\t\t\t\t<div class=\"elementor-image-gallery\">\n\t\t\t<div id='gallery-1' class='gallery galleryid-5269 gallery-columns-3 gallery-size-full'><figure class='gallery-item'>\n\t\t\t<div class='gallery-icon portrait'>\n\t\t\t\t<a data-elementor-open-lightbox=\"yes\" data-elementor-lightbox-slideshow=\"c3eef6f\" data-elementor-lightbox-title=\"ku\u0107a slika\" data-e-action-hash=\"#elementor-action%3Aaction%3Dlightbox%26settings%3DeyJpZCI6MTI0MTgsInVybCI6Imh0dHBzOlwvXC9yb2xvbW9udC1wcm96b3JpLmhyXC93cC1jb250ZW50XC91cGxvYWRzXC8yMDIzXC8wNVwva3VjYS1zbGlrYS5qcGciLCJzbGlkZXNob3ciOiJjM2VlZjZmIn0%3D\" href='https:\/\/rolomont-prozori.hr\/wp-content\/uploads\/2023\/05\/kuca-slika.jpg'><img fetchpriority=\"high\" decoding=\"async\" width=\"720\" height=\"960\" src=\"https:\/\/rolomont-prozori.hr\/wp-content\/uploads\/2023\/05\/kuca-slika.jpg\" class=\"attachment-full size-full\" alt=\"\" aria-describedby=\"gallery-1-12418\" srcset=\"https:\/\/rolomont-prozori.hr\/wp-content\/uploads\/2023\/05\/kuca-slika.jpg 720w, https:\/\/rolomont-prozori.hr\/wp-content\/uploads\/2023\/05\/kuca-slika-225x300.jpg 225w, https:\/\/rolomont-prozori.hr\/wp-content\/uploads\/2023\/05\/kuca-slika-600x800.jpg 600w\" sizes=\"(max-width: 720px) 100vw, 720px\" \/><\/a>\n\t\t\t<\/div>\n\t\t\t\t<figcaption class='wp-caption-text gallery-caption' id='gallery-1-12418'>\n\t\t\t\tPVC stolarija \n\t\t\t\t<\/figcaption><\/figure><figure class='gallery-item'>\n\t\t\t<div class='gallery-icon portrait'>\n\t\t\t\t<a data-elementor-open-lightbox=\"yes\" data-elementor-lightbox-slideshow=\"c3eef6f\" data-elementor-lightbox-title=\"ulazna vrata\" data-e-action-hash=\"#elementor-action%3Aaction%3Dlightbox%26settings%3DeyJpZCI6MTI0MjAsInVybCI6Imh0dHBzOlwvXC9yb2xvbW9udC1wcm96b3JpLmhyXC93cC1jb250ZW50XC91cGxvYWRzXC8yMDIzXC8wNVwvdWxhem5hLXZyYXRhLTEuanBnIiwic2xpZGVzaG93IjoiYzNlZWY2ZiJ9\" href='https:\/\/rolomont-prozori.hr\/wp-content\/uploads\/2023\/05\/ulazna-vrata-1.jpg'><img decoding=\"async\" width=\"1540\" height=\"2048\" src=\"https:\/\/rolomont-prozori.hr\/wp-content\/uploads\/2023\/05\/ulazna-vrata-1.jpg\" class=\"attachment-full size-full\" alt=\"\" aria-describedby=\"gallery-1-12420\" srcset=\"https:\/\/rolomont-prozori.hr\/wp-content\/uploads\/2023\/05\/ulazna-vrata-1.jpg 1540w, https:\/\/rolomont-prozori.hr\/wp-content\/uploads\/2023\/05\/ulazna-vrata-1-226x300.jpg 226w, https:\/\/rolomont-prozori.hr\/wp-content\/uploads\/2023\/05\/ulazna-vrata-1-770x1024.jpg 770w, https:\/\/rolomont-prozori.hr\/wp-content\/uploads\/2023\/05\/ulazna-vrata-1-768x1021.jpg 768w, https:\/\/rolomont-prozori.hr\/wp-content\/uploads\/2023\/05\/ulazna-vrata-1-1155x1536.jpg 1155w, https:\/\/rolomont-prozori.hr\/wp-content\/uploads\/2023\/05\/ulazna-vrata-1-600x798.jpg 600w\" sizes=\"(max-width: 1540px) 100vw, 1540px\" \/><\/a>\n\t\t\t<\/div>\n\t\t\t\t<figcaption class='wp-caption-text gallery-caption' id='gallery-1-12420'>\n\t\t\t\tUlazna vrata\n\t\t\t\t<\/figcaption><\/figure><figure class='gallery-item'>\n\t\t\t<div class='gallery-icon portrait'>\n\t\t\t\t<a data-elementor-open-lightbox=\"yes\" data-elementor-lightbox-slideshow=\"c3eef6f\" data-elementor-lightbox-title=\"pvc stolarija\" data-e-action-hash=\"#elementor-action%3Aaction%3Dlightbox%26settings%3DeyJpZCI6MTI0MjEsInVybCI6Imh0dHBzOlwvXC9yb2xvbW9udC1wcm96b3JpLmhyXC93cC1jb250ZW50XC91cGxvYWRzXC8yMDIzXC8wNVwvcHZjLXN0b2xhcmlqYS5qcGciLCJzbGlkZXNob3ciOiJjM2VlZjZmIn0%3D\" href='https:\/\/rolomont-prozori.hr\/wp-content\/uploads\/2023\/05\/pvc-stolarija.jpg'><img decoding=\"async\" width=\"918\" height=\"1224\" src=\"https:\/\/rolomont-prozori.hr\/wp-content\/uploads\/2023\/05\/pvc-stolarija.jpg\" class=\"attachment-full size-full\" alt=\"\" aria-describedby=\"gallery-1-12421\" srcset=\"https:\/\/rolomont-prozori.hr\/wp-content\/uploads\/2023\/05\/pvc-stolarija.jpg 918w, https:\/\/rolomont-prozori.hr\/wp-content\/uploads\/2023\/05\/pvc-stolarija-225x300.jpg 225w, https:\/\/rolomont-prozori.hr\/wp-content\/uploads\/2023\/05\/pvc-stolarija-768x1024.jpg 768w, https:\/\/rolomont-prozori.hr\/wp-content\/uploads\/2023\/05\/pvc-stolarija-600x800.jpg 600w\" sizes=\"(max-width: 918px) 100vw, 918px\" \/><\/a>\n\t\t\t<\/div>\n\t\t\t\t<figcaption class='wp-caption-text gallery-caption' id='gallery-1-12421'>\n\t\t\t\tZatvaranje  balkona sa PVC stolarijom i  roletama\n\t\t\t\t<\/figcaption><\/figure><figure class='gallery-item'>\n\t\t\t<div class='gallery-icon portrait'>\n\t\t\t\t<a data-elementor-open-lightbox=\"yes\" data-elementor-lightbox-slideshow=\"c3eef6f\" data-elementor-lightbox-title=\"gara\u017ena vrata\" data-e-action-hash=\"#elementor-action%3Aaction%3Dlightbox%26settings%3DeyJpZCI6MTI0MjIsInVybCI6Imh0dHBzOlwvXC9yb2xvbW9udC1wcm96b3JpLmhyXC93cC1jb250ZW50XC91cGxvYWRzXC8yMDIzXC8wNVwvZ2FyYXpuYS12cmF0YS5qcGciLCJzbGlkZXNob3ciOiJjM2VlZjZmIn0%3D\" href='https:\/\/rolomont-prozori.hr\/wp-content\/uploads\/2023\/05\/garazna-vrata.jpg'><img loading=\"lazy\" decoding=\"async\" width=\"1536\" height=\"2048\" src=\"https:\/\/rolomont-prozori.hr\/wp-content\/uploads\/2023\/05\/garazna-vrata.jpg\" class=\"attachment-full size-full\" alt=\"\" aria-describedby=\"gallery-1-12422\" srcset=\"https:\/\/rolomont-prozori.hr\/wp-content\/uploads\/2023\/05\/garazna-vrata.jpg 1536w, https:\/\/rolomont-prozori.hr\/wp-content\/uploads\/2023\/05\/garazna-vrata-225x300.jpg 225w, https:\/\/rolomont-prozori.hr\/wp-content\/uploads\/2023\/05\/garazna-vrata-768x1024.jpg 768w, https:\/\/rolomont-prozori.hr\/wp-content\/uploads\/2023\/05\/garazna-vrata-1152x1536.jpg 1152w, https:\/\/rolomont-prozori.hr\/wp-content\/uploads\/2023\/05\/garazna-vrata-600x800.jpg 600w\" sizes=\"(max-width: 1536px) 100vw, 1536px\" \/><\/a>\n\t\t\t<\/div>\n\t\t\t\t<figcaption class='wp-caption-text gallery-caption' id='gallery-1-12422'>\n\t\t\t\tAlu rolo garazna vrata sa alu kutijom i vodilicom\n\t\t\t\t<\/figcaption><\/figure><figure class='gallery-item'>\n\t\t\t<div class='gallery-icon portrait'>\n\t\t\t\t<a data-elementor-open-lightbox=\"yes\" data-elementor-lightbox-slideshow=\"c3eef6f\" data-elementor-lightbox-title=\"vrata boja\" data-e-action-hash=\"#elementor-action%3Aaction%3Dlightbox%26settings%3DeyJpZCI6MTI0MjMsInVybCI6Imh0dHBzOlwvXC9yb2xvbW9udC1wcm96b3JpLmhyXC93cC1jb250ZW50XC91cGxvYWRzXC8yMDIzXC8wNVwvdnJhdGEtYm9qYS5qcGciLCJzbGlkZXNob3ciOiJjM2VlZjZmIn0%3D\" href='https:\/\/rolomont-prozori.hr\/wp-content\/uploads\/2023\/05\/vrata-boja.jpg'><img loading=\"lazy\" decoding=\"async\" width=\"1536\" height=\"2048\" src=\"https:\/\/rolomont-prozori.hr\/wp-content\/uploads\/2023\/05\/vrata-boja.jpg\" class=\"attachment-full size-full\" alt=\"\" aria-describedby=\"gallery-1-12423\" srcset=\"https:\/\/rolomont-prozori.hr\/wp-content\/uploads\/2023\/05\/vrata-boja.jpg 1536w, https:\/\/rolomont-prozori.hr\/wp-content\/uploads\/2023\/05\/vrata-boja-225x300.jpg 225w, https:\/\/rolomont-prozori.hr\/wp-content\/uploads\/2023\/05\/vrata-boja-768x1024.jpg 768w, https:\/\/rolomont-prozori.hr\/wp-content\/uploads\/2023\/05\/vrata-boja-1152x1536.jpg 1152w, https:\/\/rolomont-prozori.hr\/wp-content\/uploads\/2023\/05\/vrata-boja-600x800.jpg 600w\" sizes=\"(max-width: 1536px) 100vw, 1536px\" \/><\/a>\n\t\t\t<\/div>\n\t\t\t\t<figcaption class='wp-caption-text gallery-caption' id='gallery-1-12423'>\n\t\t\t\tUlazna vrata u boji\n\t\t\t\t<\/figcaption><\/figure><figure class='gallery-item'>\n\t\t\t<div class='gallery-icon portrait'>\n\t\t\t\t<a data-elementor-open-lightbox=\"yes\" data-elementor-lightbox-slideshow=\"c3eef6f\" data-elementor-lightbox-title=\"vrata\" data-e-action-hash=\"#elementor-action%3Aaction%3Dlightbox%26settings%3DeyJpZCI6MTI0MjQsInVybCI6Imh0dHBzOlwvXC9yb2xvbW9udC1wcm96b3JpLmhyXC93cC1jb250ZW50XC91cGxvYWRzXC8yMDIzXC8wNVwvdnJhdGEuanBnIiwic2xpZGVzaG93IjoiYzNlZWY2ZiJ9\" href='https:\/\/rolomont-prozori.hr\/wp-content\/uploads\/2023\/05\/vrata.jpg'><img loading=\"lazy\" decoding=\"async\" width=\"1540\" height=\"2048\" src=\"https:\/\/rolomont-prozori.hr\/wp-content\/uploads\/2023\/05\/vrata.jpg\" class=\"attachment-full size-full\" alt=\"\" aria-describedby=\"gallery-1-12424\" srcset=\"https:\/\/rolomont-prozori.hr\/wp-content\/uploads\/2023\/05\/vrata.jpg 1540w, https:\/\/rolomont-prozori.hr\/wp-content\/uploads\/2023\/05\/vrata-226x300.jpg 226w, https:\/\/rolomont-prozori.hr\/wp-content\/uploads\/2023\/05\/vrata-770x1024.jpg 770w, https:\/\/rolomont-prozori.hr\/wp-content\/uploads\/2023\/05\/vrata-768x1021.jpg 768w, https:\/\/rolomont-prozori.hr\/wp-content\/uploads\/2023\/05\/vrata-1155x1536.jpg 1155w, https:\/\/rolomont-prozori.hr\/wp-content\/uploads\/2023\/05\/vrata-600x798.jpg 600w\" sizes=\"(max-width: 1540px) 100vw, 1540px\" \/><\/a>\n\t\t\t<\/div>\n\t\t\t\t<figcaption class='wp-caption-text gallery-caption' id='gallery-1-12424'>\n\t\t\t\tPvc ulazna vrata\n\t\t\t\t<\/figcaption><\/figure><figure class='gallery-item'>\n\t\t\t<div class='gallery-icon portrait'>\n\t\t\t\t<a data-elementor-open-lightbox=\"yes\" data-elementor-lightbox-slideshow=\"c3eef6f\" data-elementor-lightbox-title=\"komarnik\" data-e-action-hash=\"#elementor-action%3Aaction%3Dlightbox%26settings%3DeyJpZCI6MTI0MjgsInVybCI6Imh0dHBzOlwvXC9yb2xvbW9udC1wcm96b3JpLmhyXC93cC1jb250ZW50XC91cGxvYWRzXC8yMDIzXC8wNVwva29tYXJuaWsuanBnIiwic2xpZGVzaG93IjoiYzNlZWY2ZiJ9\" href='https:\/\/rolomont-prozori.hr\/wp-content\/uploads\/2023\/05\/komarnik.jpg'><img loading=\"lazy\" decoding=\"async\" width=\"918\" height=\"1224\" src=\"https:\/\/rolomont-prozori.hr\/wp-content\/uploads\/2023\/05\/komarnik.jpg\" class=\"attachment-full size-full\" alt=\"\" aria-describedby=\"gallery-1-12428\" srcset=\"https:\/\/rolomont-prozori.hr\/wp-content\/uploads\/2023\/05\/komarnik.jpg 918w, https:\/\/rolomont-prozori.hr\/wp-content\/uploads\/2023\/05\/komarnik-225x300.jpg 225w, https:\/\/rolomont-prozori.hr\/wp-content\/uploads\/2023\/05\/komarnik-768x1024.jpg 768w, https:\/\/rolomont-prozori.hr\/wp-content\/uploads\/2023\/05\/komarnik-600x800.jpg 600w\" sizes=\"(max-width: 918px) 100vw, 918px\" \/><\/a>\n\t\t\t<\/div>\n\t\t\t\t<figcaption class='wp-caption-text gallery-caption' id='gallery-1-12428'>\n\t\t\t\tKomarnici\n\t\t\t\t<\/figcaption><\/figure><figure class='gallery-item'>\n\t\t\t<div class='gallery-icon portrait'>\n\t\t\t\t<a data-elementor-open-lightbox=\"yes\" data-elementor-lightbox-slideshow=\"c3eef6f\" data-elementor-lightbox-title=\"garazna vrata u boji\" data-e-action-hash=\"#elementor-action%3Aaction%3Dlightbox%26settings%3DeyJpZCI6MTI0MzQsInVybCI6Imh0dHBzOlwvXC9yb2xvbW9udC1wcm96b3JpLmhyXC93cC1jb250ZW50XC91cGxvYWRzXC8yMDIzXC8wNVwvZ2FyYXpuYS12cmF0YS11LWJvamkuanBnIiwic2xpZGVzaG93IjoiYzNlZWY2ZiJ9\" href='https:\/\/rolomont-prozori.hr\/wp-content\/uploads\/2023\/05\/garazna-vrata-u-boji.jpg'><img loading=\"lazy\" decoding=\"async\" width=\"1200\" height=\"1600\" src=\"https:\/\/rolomont-prozori.hr\/wp-content\/uploads\/2023\/05\/garazna-vrata-u-boji.jpg\" class=\"attachment-full size-full\" alt=\"\" aria-describedby=\"gallery-1-12434\" srcset=\"https:\/\/rolomont-prozori.hr\/wp-content\/uploads\/2023\/05\/garazna-vrata-u-boji.jpg 1200w, https:\/\/rolomont-prozori.hr\/wp-content\/uploads\/2023\/05\/garazna-vrata-u-boji-225x300.jpg 225w, https:\/\/rolomont-prozori.hr\/wp-content\/uploads\/2023\/05\/garazna-vrata-u-boji-768x1024.jpg 768w, https:\/\/rolomont-prozori.hr\/wp-content\/uploads\/2023\/05\/garazna-vrata-u-boji-1152x1536.jpg 1152w, https:\/\/rolomont-prozori.hr\/wp-content\/uploads\/2023\/05\/garazna-vrata-u-boji-600x800.jpg 600w\" sizes=\"(max-width: 1200px) 100vw, 1200px\" \/><\/a>\n\t\t\t<\/div>\n\t\t\t\t<figcaption class='wp-caption-text gallery-caption' id='gallery-1-12434'>\n\t\t\t\t Sekcijska gara\u017ena vrata u boji \n\t\t\t\t<\/figcaption><\/figure><figure class='gallery-item'>\n\t\t\t<div class='gallery-icon portrait'>\n\t\t\t\t<a data-elementor-open-lightbox=\"yes\" data-elementor-lightbox-slideshow=\"c3eef6f\" data-elementor-lightbox-title=\"tende\" data-e-action-hash=\"#elementor-action%3Aaction%3Dlightbox%26settings%3DeyJpZCI6MTI0MzksInVybCI6Imh0dHBzOlwvXC9yb2xvbW9udC1wcm96b3JpLmhyXC93cC1jb250ZW50XC91cGxvYWRzXC8yMDIzXC8wNVwvdGVuZGUtMy5qcGciLCJzbGlkZXNob3ciOiJjM2VlZjZmIn0%3D\" href='https:\/\/rolomont-prozori.hr\/wp-content\/uploads\/2023\/05\/tende-3.jpg'><img loading=\"lazy\" decoding=\"async\" width=\"1540\" height=\"2048\" src=\"https:\/\/rolomont-prozori.hr\/wp-content\/uploads\/2023\/05\/tende-3.jpg\" class=\"attachment-full size-full\" alt=\"\" aria-describedby=\"gallery-1-12439\" srcset=\"https:\/\/rolomont-prozori.hr\/wp-content\/uploads\/2023\/05\/tende-3.jpg 1540w, https:\/\/rolomont-prozori.hr\/wp-content\/uploads\/2023\/05\/tende-3-226x300.jpg 226w, https:\/\/rolomont-prozori.hr\/wp-content\/uploads\/2023\/05\/tende-3-770x1024.jpg 770w, https:\/\/rolomont-prozori.hr\/wp-content\/uploads\/2023\/05\/tende-3-768x1021.jpg 768w, https:\/\/rolomont-prozori.hr\/wp-content\/uploads\/2023\/05\/tende-3-1155x1536.jpg 1155w, https:\/\/rolomont-prozori.hr\/wp-content\/uploads\/2023\/05\/tende-3-600x798.jpg 600w\" sizes=\"(max-width: 1540px) 100vw, 1540px\" \/><\/a>\n\t\t\t<\/div>\n\t\t\t\t<figcaption class='wp-caption-text gallery-caption' id='gallery-1-12439'>\n\t\t\t\tZa\u0161tita od sunca i ki\u0161e\n\t\t\t\t<\/figcaption><\/figure>\n\t\t<\/div>\n\t\t<\/div>\n\t\t\t\t\t\t<\/div>\n\t\t\t\t<\/div>\n\t\t\t\t\t<\/div>\n\t\t<\/div>\n\t\t\t\t\t<\/div>\n\t\t<\/div>\n\t\t\t\t<\/div>\n\t\t","protected":false},"excerpt":{"rendered":"<p>Galerija PVC stolarija Ulazna vrata Zatvaranje balkona sa PVC stolarijom i roletama Alu rolo garazna vrata sa alu kutijom i vodilicom Ulazna vrata u boji Pvc ulazna vrata Komarnici Sekcijska gara\u017ena vrata u boji Za\u0161tita od sunca i ki\u0161e<\/p>\n","protected":false},"author":1,"featured_media":0,"parent":0,"menu_order":0,"comment_status":"closed","ping_status":"closed","template":"","meta":{"om_disable_all_campaigns":false,"_monsterinsights_skip_tracking":false,"_monsterinsights_sitenote_active":false,"_monsterinsights_sitenote_note":"","_monsterinsights_sitenote_category":0,"_bas_post_transparent":"","_bas_post_title":"","_bas_post_layout":"","_bas_post_sidebar_id":"","_bas_post_content_style":"","_bas_post_vertical_padding":"","_bas_post_feature":"","_bas_post_feature_position":"","_bas_post_header":false,"_bas_post_footer":false,"footnotes":""},"class_list":["post-5269","page","type-page","status-publish","hentry"],"aioseo_notices":[],"_links":{"self":[{"href":"https:\/\/rolomont-prozori.hr\/index.php?rest_route=\/wp\/v2\/pages\/5269","targetHints":{"allow":["GET"]}}],"collection":[{"href":"https:\/\/rolomont-prozori.hr\/index.php?rest_route=\/wp\/v2\/pages"}],"about":[{"href":"https:\/\/rolomont-prozori.hr\/index.php?rest_route=\/wp\/v2\/types\/page"}],"author":[{"embeddable":true,"href":"https:\/\/rolomont-prozori.hr\/index.php?rest_route=\/wp\/v2\/users\/1"}],"replies":[{"embeddable":true,"href":"https:\/\/rolomont-prozori.hr\/index.php?rest_route=%2Fwp%2Fv2%2Fcomments&post=5269"}],"version-history":[{"count":9,"href":"https:\/\/rolomont-prozori.hr\/index.php?rest_route=\/wp\/v2\/pages\/5269\/revisions"}],"predecessor-version":[{"id":13003,"href":"https:\/\/rolomont-prozori.hr\/index.php?rest_route=\/wp\/v2\/pages\/5269\/revisions\/13003"}],"wp:attachment":[{"href":"https:\/\/rolomont-prozori.hr\/index.php?rest_route=%2Fwp%2Fv2%2Fmedia&parent=5269"}],"curies":[{"name":"wp","href":"https:\/\/api.w.org\/{rel}","templated":true}]}}